{"id":1388,"date":"2015-01-08T14:12:25","date_gmt":"2015-01-08T13:12:25","guid":{"rendered":"https:\/\/www.smartboxbelgie.be\/?page_id=1388"},"modified":"2015-01-16T09:05:11","modified_gmt":"2015-01-16T08:05:11","slug":"lattes-darrimage-en-bois","status":"publish","type":"page","link":"https:\/\/www.smartboxbelgie.be\/fr\/options-fr\/lattes-darrimage-en-bois\/","title":{"rendered":"Lattes d\u2019arrimage en bois"},"content":{"rendered":"<p class=\"p1\">Ce syst\u00e8me qui est compos\u00e9 de lattes d\u2019arrimage en bois est d\u00e9pass\u00e9 depuis de nombreuses ann\u00e9es.<b><br \/>\n<\/b>Aussi, nous ne conseillons pas de choisir cette option.<b><br \/>\n<\/b>Nous proposons dans notre assortiment de meilleurs syst\u00e8mes de fixation, plus l\u00e9gers.<\/p>\n","protected":false},"excerpt":{"rendered":"<p>Ce syst\u00e8me qui est compos\u00e9 de lattes d\u2019arrimage en bois est d\u00e9pass\u00e9 depuis de nombreuses ann\u00e9es. Aussi, nous ne conseillons pas de choisir cette option. Nous proposons dans notre assortiment de meilleurs syst\u00e8mes de fixation, plus l\u00e9gers.<\/p>\n","protected":false},"author":1,"featured_media":543,"parent":1278,"menu_order":190,"comment_status":"closed","ping_status":"closed","template":"tpl_optie.php","meta":{"footnotes":""},"class_list":["post-1388","page","type-page","status-publish","has-post-thumbnail","hentry"],"yoast_head":"<!-- This site is optimized with the Yoast SEO plugin v26.6 - https:\/\/yoast.com\/wordpress\/plugins\/seo\/ -->\n<title>Lattes d\u2019arrimage en bois - Smartbox<\/title>\n<meta name=\"robots\" content=\"index, follow, max-snippet:-1, max-image-preview:large, max-video-preview:-1\" \/>\n<link rel=\"canonical\" href=\"https:\/\/www.smartboxbelgie.be\/fr\/options-fr\/lattes-darrimage-en-bois\/\" \/>\n<meta property=\"og:locale\" content=\"fr_FR\" \/>\n<meta property=\"og:type\" content=\"article\" \/>\n<meta property=\"og:title\" content=\"Lattes d\u2019arrimage en bois - Smartbox\" \/>\n<meta property=\"og:description\" content=\"Ce syst\u00e8me qui est compos\u00e9 de lattes d\u2019arrimage en bois est d\u00e9pass\u00e9 depuis de nombreuses ann\u00e9es. Aussi, nous ne conseillons pas de choisir cette option. Nous proposons dans notre assortiment de meilleurs syst\u00e8mes de fixation, plus l\u00e9gers.\" \/>\n<meta property=\"og:url\" content=\"https:\/\/www.smartboxbelgie.be\/fr\/options-fr\/lattes-darrimage-en-bois\/\" \/>\n<meta property=\"og:site_name\" content=\"Smartbox\" \/>\n<meta property=\"article:modified_time\" content=\"2015-01-16T08:05:11+00:00\" \/>\n<meta property=\"og:image\" content=\"https:\/\/www.smartboxbelgie.be\/wp-content\/uploads\/2014\/07\/smartbox-optie-_0036_Bindlatten.jpg\" \/>\n\t<meta property=\"og:image:width\" content=\"500\" \/>\n\t<meta property=\"og:image:height\" content=\"500\" \/>\n\t<meta property=\"og:image:type\" content=\"image\/jpeg\" \/>\n<script type=\"application\/ld+json\" class=\"yoast-schema-graph\">{\"@context\":\"https:\/\/schema.org\",\"@graph\":[{\"@type\":\"WebPage\",\"@id\":\"https:\/\/www.smartboxbelgie.be\/fr\/options-fr\/lattes-darrimage-en-bois\/\",\"url\":\"https:\/\/www.smartboxbelgie.be\/fr\/options-fr\/lattes-darrimage-en-bois\/\",\"name\":\"Lattes d\u2019arrimage en bois - Smartbox\",\"isPartOf\":{\"@id\":\"https:\/\/www.smartboxbelgie.be\/#website\"},\"primaryImageOfPage\":{\"@id\":\"https:\/\/www.smartboxbelgie.be\/fr\/options-fr\/lattes-darrimage-en-bois\/#primaryimage\"},\"image\":{\"@id\":\"https:\/\/www.smartboxbelgie.be\/fr\/options-fr\/lattes-darrimage-en-bois\/#primaryimage\"},\"thumbnailUrl\":\"https:\/\/www.smartboxbelgie.be\/wp-content\/uploads\/2014\/07\/smartbox-optie-_0036_Bindlatten.jpg\",\"datePublished\":\"2015-01-08T13:12:25+00:00\",\"dateModified\":\"2015-01-16T08:05:11+00:00\",\"breadcrumb\":{\"@id\":\"https:\/\/www.smartboxbelgie.be\/fr\/options-fr\/lattes-darrimage-en-bois\/#breadcrumb\"},\"inLanguage\":\"fr-FR\",\"potentialAction\":[{\"@type\":\"ReadAction\",\"target\":[\"https:\/\/www.smartboxbelgie.be\/fr\/options-fr\/lattes-darrimage-en-bois\/\"]}]},{\"@type\":\"ImageObject\",\"inLanguage\":\"fr-FR\",\"@id\":\"https:\/\/www.smartboxbelgie.be\/fr\/options-fr\/lattes-darrimage-en-bois\/#primaryimage\",\"url\":\"https:\/\/www.smartboxbelgie.be\/wp-content\/uploads\/2014\/07\/smartbox-optie-_0036_Bindlatten.jpg\",\"contentUrl\":\"https:\/\/www.smartboxbelgie.be\/wp-content\/uploads\/2014\/07\/smartbox-optie-_0036_Bindlatten.jpg\",\"width\":500,\"height\":500},{\"@type\":\"BreadcrumbList\",\"@id\":\"https:\/\/www.smartboxbelgie.be\/fr\/options-fr\/lattes-darrimage-en-bois\/#breadcrumb\",\"itemListElement\":[{\"@type\":\"ListItem\",\"position\":1,\"name\":\"Home\",\"item\":\"https:\/\/www.smartboxbelgie.be\/fr\/\"},{\"@type\":\"ListItem\",\"position\":2,\"name\":\"Options\",\"item\":\"https:\/\/www.smartboxbelgie.be\/fr\/options-fr\/\"},{\"@type\":\"ListItem\",\"position\":3,\"name\":\"Lattes d\u2019arrimage en bois\"}]},{\"@type\":\"WebSite\",\"@id\":\"https:\/\/www.smartboxbelgie.be\/#website\",\"url\":\"https:\/\/www.smartboxbelgie.be\/\",\"name\":\"Smartbox\",\"description\":\"D&eacute; lichtste laadbak van Europa\",\"potentialAction\":[{\"@type\":\"SearchAction\",\"target\":{\"@type\":\"EntryPoint\",\"urlTemplate\":\"https:\/\/www.smartboxbelgie.be\/?s={search_term_string}\"},\"query-input\":{\"@type\":\"PropertyValueSpecification\",\"valueRequired\":true,\"valueName\":\"search_term_string\"}}],\"inLanguage\":\"fr-FR\"}]}<\/script>\n<!-- \/ Yoast SEO plugin. -->","yoast_head_json":{"title":"Lattes d\u2019arrimage en bois - Smartbox","robots":{"index":"index","follow":"follow","max-snippet":"max-snippet:-1","max-image-preview":"max-image-preview:large","max-video-preview":"max-video-preview:-1"},"canonical":"https:\/\/www.smartboxbelgie.be\/fr\/options-fr\/lattes-darrimage-en-bois\/","og_locale":"fr_FR","og_type":"article","og_title":"Lattes d\u2019arrimage en bois - Smartbox","og_description":"Ce syst\u00e8me qui est compos\u00e9 de lattes d\u2019arrimage en bois est d\u00e9pass\u00e9 depuis de nombreuses ann\u00e9es. Aussi, nous ne conseillons pas de choisir cette option. Nous proposons dans notre assortiment de meilleurs syst\u00e8mes de fixation, plus l\u00e9gers.","og_url":"https:\/\/www.smartboxbelgie.be\/fr\/options-fr\/lattes-darrimage-en-bois\/","og_site_name":"Smartbox","article_modified_time":"2015-01-16T08:05:11+00:00","og_image":[{"width":500,"height":500,"url":"https:\/\/www.smartboxbelgie.be\/wp-content\/uploads\/2014\/07\/smartbox-optie-_0036_Bindlatten.jpg","type":"image\/jpeg"}],"schema":{"@context":"https:\/\/schema.org","@graph":[{"@type":"WebPage","@id":"https:\/\/www.smartboxbelgie.be\/fr\/options-fr\/lattes-darrimage-en-bois\/","url":"https:\/\/www.smartboxbelgie.be\/fr\/options-fr\/lattes-darrimage-en-bois\/","name":"Lattes d\u2019arrimage en bois - Smartbox","isPartOf":{"@id":"https:\/\/www.smartboxbelgie.be\/#website"},"primaryImageOfPage":{"@id":"https:\/\/www.smartboxbelgie.be\/fr\/options-fr\/lattes-darrimage-en-bois\/#primaryimage"},"image":{"@id":"https:\/\/www.smartboxbelgie.be\/fr\/options-fr\/lattes-darrimage-en-bois\/#primaryimage"},"thumbnailUrl":"https:\/\/www.smartboxbelgie.be\/wp-content\/uploads\/2014\/07\/smartbox-optie-_0036_Bindlatten.jpg","datePublished":"2015-01-08T13:12:25+00:00","dateModified":"2015-01-16T08:05:11+00:00","breadcrumb":{"@id":"https:\/\/www.smartboxbelgie.be\/fr\/options-fr\/lattes-darrimage-en-bois\/#breadcrumb"},"inLanguage":"fr-FR","potentialAction":[{"@type":"ReadAction","target":["https:\/\/www.smartboxbelgie.be\/fr\/options-fr\/lattes-darrimage-en-bois\/"]}]},{"@type":"ImageObject","inLanguage":"fr-FR","@id":"https:\/\/www.smartboxbelgie.be\/fr\/options-fr\/lattes-darrimage-en-bois\/#primaryimage","url":"https:\/\/www.smartboxbelgie.be\/wp-content\/uploads\/2014\/07\/smartbox-optie-_0036_Bindlatten.jpg","contentUrl":"https:\/\/www.smartboxbelgie.be\/wp-content\/uploads\/2014\/07\/smartbox-optie-_0036_Bindlatten.jpg","width":500,"height":500},{"@type":"BreadcrumbList","@id":"https:\/\/www.smartboxbelgie.be\/fr\/options-fr\/lattes-darrimage-en-bois\/#breadcrumb","itemListElement":[{"@type":"ListItem","position":1,"name":"Home","item":"https:\/\/www.smartboxbelgie.be\/fr\/"},{"@type":"ListItem","position":2,"name":"Options","item":"https:\/\/www.smartboxbelgie.be\/fr\/options-fr\/"},{"@type":"ListItem","position":3,"name":"Lattes d\u2019arrimage en bois"}]},{"@type":"WebSite","@id":"https:\/\/www.smartboxbelgie.be\/#website","url":"https:\/\/www.smartboxbelgie.be\/","name":"Smartbox","description":"D&eacute; lichtste laadbak van Europa","potentialAction":[{"@type":"SearchAction","target":{"@type":"EntryPoint","urlTemplate":"https:\/\/www.smartboxbelgie.be\/?s={search_term_string}"},"query-input":{"@type":"PropertyValueSpecification","valueRequired":true,"valueName":"search_term_string"}}],"inLanguage":"fr-FR"}]}},"_links":{"self":[{"href":"https:\/\/www.smartboxbelgie.be\/fr\/wp-json\/wp\/v2\/pages\/1388","targetHints":{"allow":["GET"]}}],"collection":[{"href":"https:\/\/www.smartboxbelgie.be\/fr\/wp-json\/wp\/v2\/pages"}],"about":[{"href":"https:\/\/www.smartboxbelgie.be\/fr\/wp-json\/wp\/v2\/types\/page"}],"author":[{"embeddable":true,"href":"https:\/\/www.smartboxbelgie.be\/fr\/wp-json\/wp\/v2\/users\/1"}],"replies":[{"embeddable":true,"href":"https:\/\/www.smartboxbelgie.be\/fr\/wp-json\/wp\/v2\/comments?post=1388"}],"version-history":[{"count":2,"href":"https:\/\/www.smartboxbelgie.be\/fr\/wp-json\/wp\/v2\/pages\/1388\/revisions"}],"predecessor-version":[{"id":1612,"href":"https:\/\/www.smartboxbelgie.be\/fr\/wp-json\/wp\/v2\/pages\/1388\/revisions\/1612"}],"up":[{"embeddable":true,"href":"https:\/\/www.smartboxbelgie.be\/fr\/wp-json\/wp\/v2\/pages\/1278"}],"wp:featuredmedia":[{"embeddable":true,"href":"https:\/\/www.smartboxbelgie.be\/fr\/wp-json\/wp\/v2\/media\/543"}],"wp:attachment":[{"href":"https:\/\/www.smartboxbelgie.be\/fr\/wp-json\/wp\/v2\/media?parent=1388"}],"curies":[{"name":"wp","href":"https:\/\/api.w.org\/{rel}","templated":true}]}}