{"id":1372,"date":"2015-01-07T22:39:29","date_gmt":"2015-01-07T21:39:29","guid":{"rendered":"https:\/\/www.smartboxbelgie.be\/?page_id=1372"},"modified":"2015-01-14T11:39:36","modified_gmt":"2015-01-14T10:39:36","slug":"porte-coulissante-avec-marche-pied-integre","status":"publish","type":"page","link":"https:\/\/www.smartboxbelgie.be\/fr\/options-fr\/porte-coulissante-avec-marche-pied-integre\/","title":{"rendered":"Porte coulissante avec marche pied int\u00e9gr\u00e9"},"content":{"rendered":"<p>Cette porte coulissante\u00a0est sp\u00e9cialement d\u00e9velopp\u00e9 pour faciliter plusieurs entr\u00e9es et sorties de la caisse. Cette porte est ouvrable et fermable avec une seule main. Le marche pied avec trois marches est int\u00e9gr\u00e9 dans la caisse et donne plus de s\u00e9curit\u00e9 et confort au chauffeur.<\/p>\n","protected":false},"excerpt":{"rendered":"<p>Cette porte coulissante\u00a0est sp\u00e9cialement d\u00e9velopp\u00e9 pour faciliter plusieurs entr\u00e9es et sorties de la caisse. Cette porte est ouvrable et fermable avec une seule main. Le marche pied avec trois marches est int\u00e9gr\u00e9 dans la caisse et donne plus de s\u00e9curit\u00e9 et confort au chauffeur.<\/p>\n","protected":false},"author":11,"featured_media":940,"parent":1278,"menu_order":40,"comment_status":"closed","ping_status":"closed","template":"tpl_optie.php","meta":{"footnotes":""},"class_list":["post-1372","page","type-page","status-publish","has-post-thumbnail","hentry"],"yoast_head":"<!-- This site is optimized with the Yoast SEO plugin v26.6 - https:\/\/yoast.com\/wordpress\/plugins\/seo\/ -->\n<title>Porte coulissante avec marche pied int\u00e9gr\u00e9 - Smartbox<\/title>\n<meta name=\"robots\" content=\"index, follow, max-snippet:-1, max-image-preview:large, max-video-preview:-1\" \/>\n<link rel=\"canonical\" href=\"https:\/\/www.smartboxbelgie.be\/fr\/options-fr\/porte-coulissante-avec-marche-pied-integre\/\" \/>\n<meta property=\"og:locale\" content=\"fr_FR\" \/>\n<meta property=\"og:type\" content=\"article\" \/>\n<meta property=\"og:title\" content=\"Porte coulissante avec marche pied int\u00e9gr\u00e9 - Smartbox\" \/>\n<meta property=\"og:description\" content=\"Cette porte coulissante\u00a0est sp\u00e9cialement d\u00e9velopp\u00e9 pour faciliter plusieurs entr\u00e9es et sorties de la caisse. Cette porte est ouvrable et fermable avec une seule main. Le marche pied avec trois marches est int\u00e9gr\u00e9 dans la caisse et donne plus de s\u00e9curit\u00e9 et confort au chauffeur.\" \/>\n<meta property=\"og:url\" content=\"https:\/\/www.smartboxbelgie.be\/fr\/options-fr\/porte-coulissante-avec-marche-pied-integre\/\" \/>\n<meta property=\"og:site_name\" content=\"Smartbox\" \/>\n<meta property=\"article:modified_time\" content=\"2015-01-14T10:39:36+00:00\" \/>\n<meta property=\"og:image\" content=\"https:\/\/www.smartboxbelgie.be\/wp-content\/uploads\/2014\/12\/smartbox-schuifdeur-met-geintegreerde-trap.jpg\" \/>\n\t<meta property=\"og:image:width\" content=\"450\" \/>\n\t<meta property=\"og:image:height\" content=\"450\" \/>\n\t<meta property=\"og:image:type\" content=\"image\/jpeg\" \/>\n<script type=\"application\/ld+json\" class=\"yoast-schema-graph\">{\"@context\":\"https:\/\/schema.org\",\"@graph\":[{\"@type\":\"WebPage\",\"@id\":\"https:\/\/www.smartboxbelgie.be\/fr\/options-fr\/porte-coulissante-avec-marche-pied-integre\/\",\"url\":\"https:\/\/www.smartboxbelgie.be\/fr\/options-fr\/porte-coulissante-avec-marche-pied-integre\/\",\"name\":\"Porte coulissante avec marche pied int\u00e9gr\u00e9 - Smartbox\",\"isPartOf\":{\"@id\":\"https:\/\/www.smartboxbelgie.be\/#website\"},\"primaryImageOfPage\":{\"@id\":\"https:\/\/www.smartboxbelgie.be\/fr\/options-fr\/porte-coulissante-avec-marche-pied-integre\/#primaryimage\"},\"image\":{\"@id\":\"https:\/\/www.smartboxbelgie.be\/fr\/options-fr\/porte-coulissante-avec-marche-pied-integre\/#primaryimage\"},\"thumbnailUrl\":\"https:\/\/www.smartboxbelgie.be\/wp-content\/uploads\/2014\/12\/smartbox-schuifdeur-met-geintegreerde-trap.jpg\",\"datePublished\":\"2015-01-07T21:39:29+00:00\",\"dateModified\":\"2015-01-14T10:39:36+00:00\",\"breadcrumb\":{\"@id\":\"https:\/\/www.smartboxbelgie.be\/fr\/options-fr\/porte-coulissante-avec-marche-pied-integre\/#breadcrumb\"},\"inLanguage\":\"fr-FR\",\"potentialAction\":[{\"@type\":\"ReadAction\",\"target\":[\"https:\/\/www.smartboxbelgie.be\/fr\/options-fr\/porte-coulissante-avec-marche-pied-integre\/\"]}]},{\"@type\":\"ImageObject\",\"inLanguage\":\"fr-FR\",\"@id\":\"https:\/\/www.smartboxbelgie.be\/fr\/options-fr\/porte-coulissante-avec-marche-pied-integre\/#primaryimage\",\"url\":\"https:\/\/www.smartboxbelgie.be\/wp-content\/uploads\/2014\/12\/smartbox-schuifdeur-met-geintegreerde-trap.jpg\",\"contentUrl\":\"https:\/\/www.smartboxbelgie.be\/wp-content\/uploads\/2014\/12\/smartbox-schuifdeur-met-geintegreerde-trap.jpg\",\"width\":450,\"height\":450},{\"@type\":\"BreadcrumbList\",\"@id\":\"https:\/\/www.smartboxbelgie.be\/fr\/options-fr\/porte-coulissante-avec-marche-pied-integre\/#breadcrumb\",\"itemListElement\":[{\"@type\":\"ListItem\",\"position\":1,\"name\":\"Home\",\"item\":\"https:\/\/www.smartboxbelgie.be\/fr\/\"},{\"@type\":\"ListItem\",\"position\":2,\"name\":\"Options\",\"item\":\"https:\/\/www.smartboxbelgie.be\/fr\/options-fr\/\"},{\"@type\":\"ListItem\",\"position\":3,\"name\":\"Porte coulissante avec marche pied int\u00e9gr\u00e9\"}]},{\"@type\":\"WebSite\",\"@id\":\"https:\/\/www.smartboxbelgie.be\/#website\",\"url\":\"https:\/\/www.smartboxbelgie.be\/\",\"name\":\"Smartbox\",\"description\":\"D&eacute; lichtste laadbak van Europa\",\"potentialAction\":[{\"@type\":\"SearchAction\",\"target\":{\"@type\":\"EntryPoint\",\"urlTemplate\":\"https:\/\/www.smartboxbelgie.be\/?s={search_term_string}\"},\"query-input\":{\"@type\":\"PropertyValueSpecification\",\"valueRequired\":true,\"valueName\":\"search_term_string\"}}],\"inLanguage\":\"fr-FR\"}]}<\/script>\n<!-- \/ Yoast SEO plugin. -->","yoast_head_json":{"title":"Porte coulissante avec marche pied int\u00e9gr\u00e9 - Smartbox","robots":{"index":"index","follow":"follow","max-snippet":"max-snippet:-1","max-image-preview":"max-image-preview:large","max-video-preview":"max-video-preview:-1"},"canonical":"https:\/\/www.smartboxbelgie.be\/fr\/options-fr\/porte-coulissante-avec-marche-pied-integre\/","og_locale":"fr_FR","og_type":"article","og_title":"Porte coulissante avec marche pied int\u00e9gr\u00e9 - Smartbox","og_description":"Cette porte coulissante\u00a0est sp\u00e9cialement d\u00e9velopp\u00e9 pour faciliter plusieurs entr\u00e9es et sorties de la caisse. Cette porte est ouvrable et fermable avec une seule main. Le marche pied avec trois marches est int\u00e9gr\u00e9 dans la caisse et donne plus de s\u00e9curit\u00e9 et confort au chauffeur.","og_url":"https:\/\/www.smartboxbelgie.be\/fr\/options-fr\/porte-coulissante-avec-marche-pied-integre\/","og_site_name":"Smartbox","article_modified_time":"2015-01-14T10:39:36+00:00","og_image":[{"width":450,"height":450,"url":"https:\/\/www.smartboxbelgie.be\/wp-content\/uploads\/2014\/12\/smartbox-schuifdeur-met-geintegreerde-trap.jpg","type":"image\/jpeg"}],"schema":{"@context":"https:\/\/schema.org","@graph":[{"@type":"WebPage","@id":"https:\/\/www.smartboxbelgie.be\/fr\/options-fr\/porte-coulissante-avec-marche-pied-integre\/","url":"https:\/\/www.smartboxbelgie.be\/fr\/options-fr\/porte-coulissante-avec-marche-pied-integre\/","name":"Porte coulissante avec marche pied int\u00e9gr\u00e9 - Smartbox","isPartOf":{"@id":"https:\/\/www.smartboxbelgie.be\/#website"},"primaryImageOfPage":{"@id":"https:\/\/www.smartboxbelgie.be\/fr\/options-fr\/porte-coulissante-avec-marche-pied-integre\/#primaryimage"},"image":{"@id":"https:\/\/www.smartboxbelgie.be\/fr\/options-fr\/porte-coulissante-avec-marche-pied-integre\/#primaryimage"},"thumbnailUrl":"https:\/\/www.smartboxbelgie.be\/wp-content\/uploads\/2014\/12\/smartbox-schuifdeur-met-geintegreerde-trap.jpg","datePublished":"2015-01-07T21:39:29+00:00","dateModified":"2015-01-14T10:39:36+00:00","breadcrumb":{"@id":"https:\/\/www.smartboxbelgie.be\/fr\/options-fr\/porte-coulissante-avec-marche-pied-integre\/#breadcrumb"},"inLanguage":"fr-FR","potentialAction":[{"@type":"ReadAction","target":["https:\/\/www.smartboxbelgie.be\/fr\/options-fr\/porte-coulissante-avec-marche-pied-integre\/"]}]},{"@type":"ImageObject","inLanguage":"fr-FR","@id":"https:\/\/www.smartboxbelgie.be\/fr\/options-fr\/porte-coulissante-avec-marche-pied-integre\/#primaryimage","url":"https:\/\/www.smartboxbelgie.be\/wp-content\/uploads\/2014\/12\/smartbox-schuifdeur-met-geintegreerde-trap.jpg","contentUrl":"https:\/\/www.smartboxbelgie.be\/wp-content\/uploads\/2014\/12\/smartbox-schuifdeur-met-geintegreerde-trap.jpg","width":450,"height":450},{"@type":"BreadcrumbList","@id":"https:\/\/www.smartboxbelgie.be\/fr\/options-fr\/porte-coulissante-avec-marche-pied-integre\/#breadcrumb","itemListElement":[{"@type":"ListItem","position":1,"name":"Home","item":"https:\/\/www.smartboxbelgie.be\/fr\/"},{"@type":"ListItem","position":2,"name":"Options","item":"https:\/\/www.smartboxbelgie.be\/fr\/options-fr\/"},{"@type":"ListItem","position":3,"name":"Porte coulissante avec marche pied int\u00e9gr\u00e9"}]},{"@type":"WebSite","@id":"https:\/\/www.smartboxbelgie.be\/#website","url":"https:\/\/www.smartboxbelgie.be\/","name":"Smartbox","description":"D&eacute; lichtste laadbak van Europa","potentialAction":[{"@type":"SearchAction","target":{"@type":"EntryPoint","urlTemplate":"https:\/\/www.smartboxbelgie.be\/?s={search_term_string}"},"query-input":{"@type":"PropertyValueSpecification","valueRequired":true,"valueName":"search_term_string"}}],"inLanguage":"fr-FR"}]}},"_links":{"self":[{"href":"https:\/\/www.smartboxbelgie.be\/fr\/wp-json\/wp\/v2\/pages\/1372","targetHints":{"allow":["GET"]}}],"collection":[{"href":"https:\/\/www.smartboxbelgie.be\/fr\/wp-json\/wp\/v2\/pages"}],"about":[{"href":"https:\/\/www.smartboxbelgie.be\/fr\/wp-json\/wp\/v2\/types\/page"}],"author":[{"embeddable":true,"href":"https:\/\/www.smartboxbelgie.be\/fr\/wp-json\/wp\/v2\/users\/11"}],"replies":[{"embeddable":true,"href":"https:\/\/www.smartboxbelgie.be\/fr\/wp-json\/wp\/v2\/comments?post=1372"}],"version-history":[{"count":2,"href":"https:\/\/www.smartboxbelgie.be\/fr\/wp-json\/wp\/v2\/pages\/1372\/revisions"}],"predecessor-version":[{"id":1528,"href":"https:\/\/www.smartboxbelgie.be\/fr\/wp-json\/wp\/v2\/pages\/1372\/revisions\/1528"}],"up":[{"embeddable":true,"href":"https:\/\/www.smartboxbelgie.be\/fr\/wp-json\/wp\/v2\/pages\/1278"}],"wp:featuredmedia":[{"embeddable":true,"href":"https:\/\/www.smartboxbelgie.be\/fr\/wp-json\/wp\/v2\/media\/940"}],"wp:attachment":[{"href":"https:\/\/www.smartboxbelgie.be\/fr\/wp-json\/wp\/v2\/media?parent=1372"}],"curies":[{"name":"wp","href":"https:\/\/api.w.org\/{rel}","templated":true}]}}