{"id":1366,"date":"2015-01-07T21:56:42","date_gmt":"2015-01-07T20:56:42","guid":{"rendered":"https:\/\/www.smartboxbelgie.be\/?page_id=1366"},"modified":"2015-01-14T11:42:41","modified_gmt":"2015-01-14T10:42:41","slug":"hayon-elevateur-traditionnel-dhollandia-dh-lma","status":"publish","type":"page","link":"https:\/\/www.smartboxbelgie.be\/fr\/options-fr\/hayon-elevateur-traditionnel-dhollandia-dh-lma\/","title":{"rendered":"Hayon \u00e9l\u00e9vateur traditionnel Dhollandia DH-LMA"},"content":{"rendered":"<p>Le hayon \u00e9l\u00e9vateur traditionnel de Dhollandia est l\u2019un de nos produits vedettes.Gr\u00e2ce \u00e0 ses doubles cylindres de levage et de fermeture, ce hayon \u00e0 une capacit\u00e9 de levage de 750 kg.<br \/>\nUn autre avantage est qu\u2019il est extr\u00eamement stable.Le hayon \u00e9l\u00e9vateur se commande de l\u2019ext\u00e9rieur, et de l&rsquo;int\u00e9rieur via la t\u00e9l\u00e9commande.<\/p>\n<p>L\u2019ext\u00e9rieur de la plateforme de chargement est peint d\u2019office dans la couleur de la caisse.<\/p>\n","protected":false},"excerpt":{"rendered":"<p>Le hayon \u00e9l\u00e9vateur traditionnel de Dhollandia est l\u2019un de nos produits vedettes.Gr\u00e2ce \u00e0 ses doubles cylindres de levage et de fermeture, ce hayon \u00e0 une capacit\u00e9 de levage de 750 kg. Un autre avantage est qu\u2019il est extr\u00eamement stable.Le hayon \u00e9l\u00e9vateur se commande de l\u2019ext\u00e9rieur, et de l&rsquo;int\u00e9rieur via la t\u00e9l\u00e9commande. L\u2019ext\u00e9rieur de la plateforme [&hellip;]<\/p>\n","protected":false},"author":11,"featured_media":909,"parent":1278,"menu_order":60,"comment_status":"closed","ping_status":"closed","template":"tpl_optie.php","meta":{"footnotes":""},"class_list":["post-1366","page","type-page","status-publish","has-post-thumbnail","hentry"],"yoast_head":"<!-- This site is optimized with the Yoast SEO plugin v26.6 - https:\/\/yoast.com\/wordpress\/plugins\/seo\/ -->\n<title>Hayon \u00e9l\u00e9vateur traditionnel Dhollandia DH-LMA - Smartbox<\/title>\n<meta name=\"robots\" content=\"index, follow, max-snippet:-1, max-image-preview:large, max-video-preview:-1\" \/>\n<link rel=\"canonical\" href=\"https:\/\/www.smartboxbelgie.be\/fr\/options-fr\/hayon-elevateur-traditionnel-dhollandia-dh-lma\/\" \/>\n<meta property=\"og:locale\" content=\"fr_FR\" \/>\n<meta property=\"og:type\" content=\"article\" \/>\n<meta property=\"og:title\" content=\"Hayon \u00e9l\u00e9vateur traditionnel Dhollandia DH-LMA - Smartbox\" \/>\n<meta property=\"og:description\" content=\"Le hayon \u00e9l\u00e9vateur traditionnel de Dhollandia est l\u2019un de nos produits vedettes.Gr\u00e2ce \u00e0 ses doubles cylindres de levage et de fermeture, ce hayon \u00e0 une capacit\u00e9 de levage de 750 kg. Un autre avantage est qu\u2019il est extr\u00eamement stable.Le hayon \u00e9l\u00e9vateur se commande de l\u2019ext\u00e9rieur, et de l&rsquo;int\u00e9rieur via la t\u00e9l\u00e9commande. L\u2019ext\u00e9rieur de la plateforme [&hellip;]\" \/>\n<meta property=\"og:url\" content=\"https:\/\/www.smartboxbelgie.be\/fr\/options-fr\/hayon-elevateur-traditionnel-dhollandia-dh-lma\/\" \/>\n<meta property=\"og:site_name\" content=\"Smartbox\" \/>\n<meta property=\"article:modified_time\" content=\"2015-01-14T10:42:41+00:00\" \/>\n<meta property=\"og:image\" content=\"https:\/\/www.smartboxbelgie.be\/wp-content\/uploads\/2014\/07\/laadklep-dhollandia.jpg\" \/>\n\t<meta property=\"og:image:width\" content=\"500\" \/>\n\t<meta property=\"og:image:height\" content=\"500\" \/>\n\t<meta property=\"og:image:type\" content=\"image\/jpeg\" \/>\n<script type=\"application\/ld+json\" class=\"yoast-schema-graph\">{\"@context\":\"https:\/\/schema.org\",\"@graph\":[{\"@type\":\"WebPage\",\"@id\":\"https:\/\/www.smartboxbelgie.be\/fr\/options-fr\/hayon-elevateur-traditionnel-dhollandia-dh-lma\/\",\"url\":\"https:\/\/www.smartboxbelgie.be\/fr\/options-fr\/hayon-elevateur-traditionnel-dhollandia-dh-lma\/\",\"name\":\"Hayon \u00e9l\u00e9vateur traditionnel Dhollandia DH-LMA - Smartbox\",\"isPartOf\":{\"@id\":\"https:\/\/www.smartboxbelgie.be\/#website\"},\"primaryImageOfPage\":{\"@id\":\"https:\/\/www.smartboxbelgie.be\/fr\/options-fr\/hayon-elevateur-traditionnel-dhollandia-dh-lma\/#primaryimage\"},\"image\":{\"@id\":\"https:\/\/www.smartboxbelgie.be\/fr\/options-fr\/hayon-elevateur-traditionnel-dhollandia-dh-lma\/#primaryimage\"},\"thumbnailUrl\":\"https:\/\/www.smartboxbelgie.be\/wp-content\/uploads\/2014\/07\/laadklep-dhollandia.jpg\",\"datePublished\":\"2015-01-07T20:56:42+00:00\",\"dateModified\":\"2015-01-14T10:42:41+00:00\",\"breadcrumb\":{\"@id\":\"https:\/\/www.smartboxbelgie.be\/fr\/options-fr\/hayon-elevateur-traditionnel-dhollandia-dh-lma\/#breadcrumb\"},\"inLanguage\":\"fr-FR\",\"potentialAction\":[{\"@type\":\"ReadAction\",\"target\":[\"https:\/\/www.smartboxbelgie.be\/fr\/options-fr\/hayon-elevateur-traditionnel-dhollandia-dh-lma\/\"]}]},{\"@type\":\"ImageObject\",\"inLanguage\":\"fr-FR\",\"@id\":\"https:\/\/www.smartboxbelgie.be\/fr\/options-fr\/hayon-elevateur-traditionnel-dhollandia-dh-lma\/#primaryimage\",\"url\":\"https:\/\/www.smartboxbelgie.be\/wp-content\/uploads\/2014\/07\/laadklep-dhollandia.jpg\",\"contentUrl\":\"https:\/\/www.smartboxbelgie.be\/wp-content\/uploads\/2014\/07\/laadklep-dhollandia.jpg\",\"width\":500,\"height\":500},{\"@type\":\"BreadcrumbList\",\"@id\":\"https:\/\/www.smartboxbelgie.be\/fr\/options-fr\/hayon-elevateur-traditionnel-dhollandia-dh-lma\/#breadcrumb\",\"itemListElement\":[{\"@type\":\"ListItem\",\"position\":1,\"name\":\"Home\",\"item\":\"https:\/\/www.smartboxbelgie.be\/fr\/\"},{\"@type\":\"ListItem\",\"position\":2,\"name\":\"Options\",\"item\":\"https:\/\/www.smartboxbelgie.be\/fr\/options-fr\/\"},{\"@type\":\"ListItem\",\"position\":3,\"name\":\"Hayon \u00e9l\u00e9vateur traditionnel Dhollandia DH-LMA\"}]},{\"@type\":\"WebSite\",\"@id\":\"https:\/\/www.smartboxbelgie.be\/#website\",\"url\":\"https:\/\/www.smartboxbelgie.be\/\",\"name\":\"Smartbox\",\"description\":\"D&eacute; lichtste laadbak van Europa\",\"potentialAction\":[{\"@type\":\"SearchAction\",\"target\":{\"@type\":\"EntryPoint\",\"urlTemplate\":\"https:\/\/www.smartboxbelgie.be\/?s={search_term_string}\"},\"query-input\":{\"@type\":\"PropertyValueSpecification\",\"valueRequired\":true,\"valueName\":\"search_term_string\"}}],\"inLanguage\":\"fr-FR\"}]}<\/script>\n<!-- \/ Yoast SEO plugin. -->","yoast_head_json":{"title":"Hayon \u00e9l\u00e9vateur traditionnel Dhollandia DH-LMA - Smartbox","robots":{"index":"index","follow":"follow","max-snippet":"max-snippet:-1","max-image-preview":"max-image-preview:large","max-video-preview":"max-video-preview:-1"},"canonical":"https:\/\/www.smartboxbelgie.be\/fr\/options-fr\/hayon-elevateur-traditionnel-dhollandia-dh-lma\/","og_locale":"fr_FR","og_type":"article","og_title":"Hayon \u00e9l\u00e9vateur traditionnel Dhollandia DH-LMA - Smartbox","og_description":"Le hayon \u00e9l\u00e9vateur traditionnel de Dhollandia est l\u2019un de nos produits vedettes.Gr\u00e2ce \u00e0 ses doubles cylindres de levage et de fermeture, ce hayon \u00e0 une capacit\u00e9 de levage de 750 kg. Un autre avantage est qu\u2019il est extr\u00eamement stable.Le hayon \u00e9l\u00e9vateur se commande de l\u2019ext\u00e9rieur, et de l&rsquo;int\u00e9rieur via la t\u00e9l\u00e9commande. L\u2019ext\u00e9rieur de la plateforme [&hellip;]","og_url":"https:\/\/www.smartboxbelgie.be\/fr\/options-fr\/hayon-elevateur-traditionnel-dhollandia-dh-lma\/","og_site_name":"Smartbox","article_modified_time":"2015-01-14T10:42:41+00:00","og_image":[{"width":500,"height":500,"url":"https:\/\/www.smartboxbelgie.be\/wp-content\/uploads\/2014\/07\/laadklep-dhollandia.jpg","type":"image\/jpeg"}],"schema":{"@context":"https:\/\/schema.org","@graph":[{"@type":"WebPage","@id":"https:\/\/www.smartboxbelgie.be\/fr\/options-fr\/hayon-elevateur-traditionnel-dhollandia-dh-lma\/","url":"https:\/\/www.smartboxbelgie.be\/fr\/options-fr\/hayon-elevateur-traditionnel-dhollandia-dh-lma\/","name":"Hayon \u00e9l\u00e9vateur traditionnel Dhollandia DH-LMA - Smartbox","isPartOf":{"@id":"https:\/\/www.smartboxbelgie.be\/#website"},"primaryImageOfPage":{"@id":"https:\/\/www.smartboxbelgie.be\/fr\/options-fr\/hayon-elevateur-traditionnel-dhollandia-dh-lma\/#primaryimage"},"image":{"@id":"https:\/\/www.smartboxbelgie.be\/fr\/options-fr\/hayon-elevateur-traditionnel-dhollandia-dh-lma\/#primaryimage"},"thumbnailUrl":"https:\/\/www.smartboxbelgie.be\/wp-content\/uploads\/2014\/07\/laadklep-dhollandia.jpg","datePublished":"2015-01-07T20:56:42+00:00","dateModified":"2015-01-14T10:42:41+00:00","breadcrumb":{"@id":"https:\/\/www.smartboxbelgie.be\/fr\/options-fr\/hayon-elevateur-traditionnel-dhollandia-dh-lma\/#breadcrumb"},"inLanguage":"fr-FR","potentialAction":[{"@type":"ReadAction","target":["https:\/\/www.smartboxbelgie.be\/fr\/options-fr\/hayon-elevateur-traditionnel-dhollandia-dh-lma\/"]}]},{"@type":"ImageObject","inLanguage":"fr-FR","@id":"https:\/\/www.smartboxbelgie.be\/fr\/options-fr\/hayon-elevateur-traditionnel-dhollandia-dh-lma\/#primaryimage","url":"https:\/\/www.smartboxbelgie.be\/wp-content\/uploads\/2014\/07\/laadklep-dhollandia.jpg","contentUrl":"https:\/\/www.smartboxbelgie.be\/wp-content\/uploads\/2014\/07\/laadklep-dhollandia.jpg","width":500,"height":500},{"@type":"BreadcrumbList","@id":"https:\/\/www.smartboxbelgie.be\/fr\/options-fr\/hayon-elevateur-traditionnel-dhollandia-dh-lma\/#breadcrumb","itemListElement":[{"@type":"ListItem","position":1,"name":"Home","item":"https:\/\/www.smartboxbelgie.be\/fr\/"},{"@type":"ListItem","position":2,"name":"Options","item":"https:\/\/www.smartboxbelgie.be\/fr\/options-fr\/"},{"@type":"ListItem","position":3,"name":"Hayon \u00e9l\u00e9vateur traditionnel Dhollandia DH-LMA"}]},{"@type":"WebSite","@id":"https:\/\/www.smartboxbelgie.be\/#website","url":"https:\/\/www.smartboxbelgie.be\/","name":"Smartbox","description":"D&eacute; lichtste laadbak van Europa","potentialAction":[{"@type":"SearchAction","target":{"@type":"EntryPoint","urlTemplate":"https:\/\/www.smartboxbelgie.be\/?s={search_term_string}"},"query-input":{"@type":"PropertyValueSpecification","valueRequired":true,"valueName":"search_term_string"}}],"inLanguage":"fr-FR"}]}},"_links":{"self":[{"href":"https:\/\/www.smartboxbelgie.be\/fr\/wp-json\/wp\/v2\/pages\/1366","targetHints":{"allow":["GET"]}}],"collection":[{"href":"https:\/\/www.smartboxbelgie.be\/fr\/wp-json\/wp\/v2\/pages"}],"about":[{"href":"https:\/\/www.smartboxbelgie.be\/fr\/wp-json\/wp\/v2\/types\/page"}],"author":[{"embeddable":true,"href":"https:\/\/www.smartboxbelgie.be\/fr\/wp-json\/wp\/v2\/users\/11"}],"replies":[{"embeddable":true,"href":"https:\/\/www.smartboxbelgie.be\/fr\/wp-json\/wp\/v2\/comments?post=1366"}],"version-history":[{"count":2,"href":"https:\/\/www.smartboxbelgie.be\/fr\/wp-json\/wp\/v2\/pages\/1366\/revisions"}],"predecessor-version":[{"id":1534,"href":"https:\/\/www.smartboxbelgie.be\/fr\/wp-json\/wp\/v2\/pages\/1366\/revisions\/1534"}],"up":[{"embeddable":true,"href":"https:\/\/www.smartboxbelgie.be\/fr\/wp-json\/wp\/v2\/pages\/1278"}],"wp:featuredmedia":[{"embeddable":true,"href":"https:\/\/www.smartboxbelgie.be\/fr\/wp-json\/wp\/v2\/media\/909"}],"wp:attachment":[{"href":"https:\/\/www.smartboxbelgie.be\/fr\/wp-json\/wp\/v2\/media?parent=1366"}],"curies":[{"name":"wp","href":"https:\/\/api.w.org\/{rel}","templated":true}]}}