{"id":1326,"date":"2015-01-05T23:04:38","date_gmt":"2015-01-05T22:04:38","guid":{"rendered":"https:\/\/www.smartboxbelgie.be\/?page_id=1326"},"modified":"2015-01-14T11:47:50","modified_gmt":"2015-01-14T10:47:50","slug":"butee-de-rolls","status":"publish","type":"page","link":"https:\/\/www.smartboxbelgie.be\/fr\/options-fr\/butee-de-rolls\/","title":{"rendered":"But\u00e9e de rolls"},"content":{"rendered":"<p>Un but\u00e9e de rolls dans la plateforme de chargement de votre hayon \u00e9vitent que votre transpalette ou chariot ne tombe de la plateforme.Cette option offre plus de s\u00e9curit\u00e9 pour le chauffeur et le chargement.<\/p>\n","protected":false},"excerpt":{"rendered":"<p>Un but\u00e9e de rolls dans la plateforme de chargement de votre hayon \u00e9vitent que votre transpalette ou chariot ne tombe de la plateforme.Cette option offre plus de s\u00e9curit\u00e9 pour le chauffeur et le chargement.<\/p>\n","protected":false},"author":11,"featured_media":609,"parent":1278,"menu_order":100,"comment_status":"closed","ping_status":"closed","template":"tpl_optie.php","meta":{"footnotes":""},"class_list":["post-1326","page","type-page","status-publish","has-post-thumbnail","hentry"],"yoast_head":"<!-- This site is optimized with the Yoast SEO plugin v26.6 - https:\/\/yoast.com\/wordpress\/plugins\/seo\/ -->\n<title>But\u00e9e de rolls - Smartbox<\/title>\n<meta name=\"robots\" content=\"index, follow, max-snippet:-1, max-image-preview:large, max-video-preview:-1\" \/>\n<link rel=\"canonical\" href=\"https:\/\/www.smartboxbelgie.be\/fr\/options-fr\/butee-de-rolls\/\" \/>\n<meta property=\"og:locale\" content=\"fr_FR\" \/>\n<meta property=\"og:type\" content=\"article\" \/>\n<meta property=\"og:title\" content=\"But\u00e9e de rolls - Smartbox\" \/>\n<meta property=\"og:description\" content=\"Un but\u00e9e de rolls dans la plateforme de chargement de votre hayon \u00e9vitent que votre transpalette ou chariot ne tombe de la plateforme.Cette option offre plus de s\u00e9curit\u00e9 pour le chauffeur et le chargement.\" \/>\n<meta property=\"og:url\" content=\"https:\/\/www.smartboxbelgie.be\/fr\/options-fr\/butee-de-rolls\/\" \/>\n<meta property=\"og:site_name\" content=\"Smartbox\" \/>\n<meta property=\"article:modified_time\" content=\"2015-01-14T10:47:50+00:00\" \/>\n<meta property=\"og:image\" content=\"https:\/\/www.smartboxbelgie.be\/wp-content\/uploads\/2014\/07\/smartbox-optie-_0004_Rolstops-in-laadklep.jpg\" \/>\n\t<meta property=\"og:image:width\" content=\"500\" \/>\n\t<meta property=\"og:image:height\" content=\"500\" \/>\n\t<meta property=\"og:image:type\" content=\"image\/jpeg\" \/>\n<script type=\"application\/ld+json\" class=\"yoast-schema-graph\">{\"@context\":\"https:\/\/schema.org\",\"@graph\":[{\"@type\":\"WebPage\",\"@id\":\"https:\/\/www.smartboxbelgie.be\/fr\/options-fr\/butee-de-rolls\/\",\"url\":\"https:\/\/www.smartboxbelgie.be\/fr\/options-fr\/butee-de-rolls\/\",\"name\":\"But\u00e9e de rolls - Smartbox\",\"isPartOf\":{\"@id\":\"https:\/\/www.smartboxbelgie.be\/#website\"},\"primaryImageOfPage\":{\"@id\":\"https:\/\/www.smartboxbelgie.be\/fr\/options-fr\/butee-de-rolls\/#primaryimage\"},\"image\":{\"@id\":\"https:\/\/www.smartboxbelgie.be\/fr\/options-fr\/butee-de-rolls\/#primaryimage\"},\"thumbnailUrl\":\"https:\/\/www.smartboxbelgie.be\/wp-content\/uploads\/2014\/07\/smartbox-optie-_0004_Rolstops-in-laadklep.jpg\",\"datePublished\":\"2015-01-05T22:04:38+00:00\",\"dateModified\":\"2015-01-14T10:47:50+00:00\",\"breadcrumb\":{\"@id\":\"https:\/\/www.smartboxbelgie.be\/fr\/options-fr\/butee-de-rolls\/#breadcrumb\"},\"inLanguage\":\"fr-FR\",\"potentialAction\":[{\"@type\":\"ReadAction\",\"target\":[\"https:\/\/www.smartboxbelgie.be\/fr\/options-fr\/butee-de-rolls\/\"]}]},{\"@type\":\"ImageObject\",\"inLanguage\":\"fr-FR\",\"@id\":\"https:\/\/www.smartboxbelgie.be\/fr\/options-fr\/butee-de-rolls\/#primaryimage\",\"url\":\"https:\/\/www.smartboxbelgie.be\/wp-content\/uploads\/2014\/07\/smartbox-optie-_0004_Rolstops-in-laadklep.jpg\",\"contentUrl\":\"https:\/\/www.smartboxbelgie.be\/wp-content\/uploads\/2014\/07\/smartbox-optie-_0004_Rolstops-in-laadklep.jpg\",\"width\":500,\"height\":500},{\"@type\":\"BreadcrumbList\",\"@id\":\"https:\/\/www.smartboxbelgie.be\/fr\/options-fr\/butee-de-rolls\/#breadcrumb\",\"itemListElement\":[{\"@type\":\"ListItem\",\"position\":1,\"name\":\"Home\",\"item\":\"https:\/\/www.smartboxbelgie.be\/fr\/\"},{\"@type\":\"ListItem\",\"position\":2,\"name\":\"Options\",\"item\":\"https:\/\/www.smartboxbelgie.be\/fr\/options-fr\/\"},{\"@type\":\"ListItem\",\"position\":3,\"name\":\"But\u00e9e de rolls\"}]},{\"@type\":\"WebSite\",\"@id\":\"https:\/\/www.smartboxbelgie.be\/#website\",\"url\":\"https:\/\/www.smartboxbelgie.be\/\",\"name\":\"Smartbox\",\"description\":\"D&eacute; lichtste laadbak van Europa\",\"potentialAction\":[{\"@type\":\"SearchAction\",\"target\":{\"@type\":\"EntryPoint\",\"urlTemplate\":\"https:\/\/www.smartboxbelgie.be\/?s={search_term_string}\"},\"query-input\":{\"@type\":\"PropertyValueSpecification\",\"valueRequired\":true,\"valueName\":\"search_term_string\"}}],\"inLanguage\":\"fr-FR\"}]}<\/script>\n<!-- \/ Yoast SEO plugin. -->","yoast_head_json":{"title":"But\u00e9e de rolls - Smartbox","robots":{"index":"index","follow":"follow","max-snippet":"max-snippet:-1","max-image-preview":"max-image-preview:large","max-video-preview":"max-video-preview:-1"},"canonical":"https:\/\/www.smartboxbelgie.be\/fr\/options-fr\/butee-de-rolls\/","og_locale":"fr_FR","og_type":"article","og_title":"But\u00e9e de rolls - Smartbox","og_description":"Un but\u00e9e de rolls dans la plateforme de chargement de votre hayon \u00e9vitent que votre transpalette ou chariot ne tombe de la plateforme.Cette option offre plus de s\u00e9curit\u00e9 pour le chauffeur et le chargement.","og_url":"https:\/\/www.smartboxbelgie.be\/fr\/options-fr\/butee-de-rolls\/","og_site_name":"Smartbox","article_modified_time":"2015-01-14T10:47:50+00:00","og_image":[{"width":500,"height":500,"url":"https:\/\/www.smartboxbelgie.be\/wp-content\/uploads\/2014\/07\/smartbox-optie-_0004_Rolstops-in-laadklep.jpg","type":"image\/jpeg"}],"schema":{"@context":"https:\/\/schema.org","@graph":[{"@type":"WebPage","@id":"https:\/\/www.smartboxbelgie.be\/fr\/options-fr\/butee-de-rolls\/","url":"https:\/\/www.smartboxbelgie.be\/fr\/options-fr\/butee-de-rolls\/","name":"But\u00e9e de rolls - Smartbox","isPartOf":{"@id":"https:\/\/www.smartboxbelgie.be\/#website"},"primaryImageOfPage":{"@id":"https:\/\/www.smartboxbelgie.be\/fr\/options-fr\/butee-de-rolls\/#primaryimage"},"image":{"@id":"https:\/\/www.smartboxbelgie.be\/fr\/options-fr\/butee-de-rolls\/#primaryimage"},"thumbnailUrl":"https:\/\/www.smartboxbelgie.be\/wp-content\/uploads\/2014\/07\/smartbox-optie-_0004_Rolstops-in-laadklep.jpg","datePublished":"2015-01-05T22:04:38+00:00","dateModified":"2015-01-14T10:47:50+00:00","breadcrumb":{"@id":"https:\/\/www.smartboxbelgie.be\/fr\/options-fr\/butee-de-rolls\/#breadcrumb"},"inLanguage":"fr-FR","potentialAction":[{"@type":"ReadAction","target":["https:\/\/www.smartboxbelgie.be\/fr\/options-fr\/butee-de-rolls\/"]}]},{"@type":"ImageObject","inLanguage":"fr-FR","@id":"https:\/\/www.smartboxbelgie.be\/fr\/options-fr\/butee-de-rolls\/#primaryimage","url":"https:\/\/www.smartboxbelgie.be\/wp-content\/uploads\/2014\/07\/smartbox-optie-_0004_Rolstops-in-laadklep.jpg","contentUrl":"https:\/\/www.smartboxbelgie.be\/wp-content\/uploads\/2014\/07\/smartbox-optie-_0004_Rolstops-in-laadklep.jpg","width":500,"height":500},{"@type":"BreadcrumbList","@id":"https:\/\/www.smartboxbelgie.be\/fr\/options-fr\/butee-de-rolls\/#breadcrumb","itemListElement":[{"@type":"ListItem","position":1,"name":"Home","item":"https:\/\/www.smartboxbelgie.be\/fr\/"},{"@type":"ListItem","position":2,"name":"Options","item":"https:\/\/www.smartboxbelgie.be\/fr\/options-fr\/"},{"@type":"ListItem","position":3,"name":"But\u00e9e de rolls"}]},{"@type":"WebSite","@id":"https:\/\/www.smartboxbelgie.be\/#website","url":"https:\/\/www.smartboxbelgie.be\/","name":"Smartbox","description":"D&eacute; lichtste laadbak van Europa","potentialAction":[{"@type":"SearchAction","target":{"@type":"EntryPoint","urlTemplate":"https:\/\/www.smartboxbelgie.be\/?s={search_term_string}"},"query-input":{"@type":"PropertyValueSpecification","valueRequired":true,"valueName":"search_term_string"}}],"inLanguage":"fr-FR"}]}},"_links":{"self":[{"href":"https:\/\/www.smartboxbelgie.be\/fr\/wp-json\/wp\/v2\/pages\/1326","targetHints":{"allow":["GET"]}}],"collection":[{"href":"https:\/\/www.smartboxbelgie.be\/fr\/wp-json\/wp\/v2\/pages"}],"about":[{"href":"https:\/\/www.smartboxbelgie.be\/fr\/wp-json\/wp\/v2\/types\/page"}],"author":[{"embeddable":true,"href":"https:\/\/www.smartboxbelgie.be\/fr\/wp-json\/wp\/v2\/users\/11"}],"replies":[{"embeddable":true,"href":"https:\/\/www.smartboxbelgie.be\/fr\/wp-json\/wp\/v2\/comments?post=1326"}],"version-history":[{"count":2,"href":"https:\/\/www.smartboxbelgie.be\/fr\/wp-json\/wp\/v2\/pages\/1326\/revisions"}],"predecessor-version":[{"id":1541,"href":"https:\/\/www.smartboxbelgie.be\/fr\/wp-json\/wp\/v2\/pages\/1326\/revisions\/1541"}],"up":[{"embeddable":true,"href":"https:\/\/www.smartboxbelgie.be\/fr\/wp-json\/wp\/v2\/pages\/1278"}],"wp:featuredmedia":[{"embeddable":true,"href":"https:\/\/www.smartboxbelgie.be\/fr\/wp-json\/wp\/v2\/media\/609"}],"wp:attachment":[{"href":"https:\/\/www.smartboxbelgie.be\/fr\/wp-json\/wp\/v2\/media?parent=1326"}],"curies":[{"name":"wp","href":"https:\/\/api.w.org\/{rel}","templated":true}]}}