{"id":1324,"date":"2015-01-05T16:54:32","date_gmt":"2015-01-05T15:54:32","guid":{"rendered":"https:\/\/www.smartboxbelgie.be\/?page_id=1324"},"modified":"2015-01-14T11:49:43","modified_gmt":"2015-01-14T10:49:43","slug":"hayon-a-colonnes-dhvocs","status":"publish","type":"page","link":"https:\/\/www.smartboxbelgie.be\/fr\/options-fr\/hayon-a-colonnes-dhvocs\/","title":{"rendered":"Hayon \u00e0 colonnes DHVOCS"},"content":{"rendered":"<p>Il s\u2019agit du hayon le plus r\u00e9cent de Dhollandia. Il a \u00e9t\u00e9 sp\u00e9cialement con\u00e7u pour gagner en poids, ce qui lui a valu le premier prix du \u2018produit le plus innovant\u2019 au salon de l\u2019auto \u00e0 Lyon (FR) en 2013. Ce hayon \u00e0 une capacit\u00e9 de levage de 750 kg. Seul inconv\u00e9nient : le hayon fonctionne uniquement horizontalement et il n\u2019est pas basculant (par ex. pour les pentes).<\/p>\n<p>La plateforme s\u2019ouvre et se ferme manuellement. La structure de ce hayon \u00e9l\u00e9vateur est telle que la man\u0153uvre est tr\u00e8s facile. Ce hayon l\u00e9ger est une bonne alternative au hayon \u00e9l\u00e9vateur traditionnel si vous souhaitez une charge utile encore plus grande.<\/p>\n","protected":false},"excerpt":{"rendered":"<p>Il s\u2019agit du hayon le plus r\u00e9cent de Dhollandia. Il a \u00e9t\u00e9 sp\u00e9cialement con\u00e7u pour gagner en poids, ce qui lui a valu le premier prix du \u2018produit le plus innovant\u2019 au salon de l\u2019auto \u00e0 Lyon (FR) en 2013. Ce hayon \u00e0 une capacit\u00e9 de levage de 750 kg. Seul inconv\u00e9nient : le hayon [&hellip;]<\/p>\n","protected":false},"author":11,"featured_media":614,"parent":1278,"menu_order":110,"comment_status":"closed","ping_status":"closed","template":"tpl_optie.php","meta":{"footnotes":""},"class_list":["post-1324","page","type-page","status-publish","has-post-thumbnail","hentry"],"yoast_head":"<!-- This site is optimized with the Yoast SEO plugin v26.6 - https:\/\/yoast.com\/wordpress\/plugins\/seo\/ -->\n<title>Hayon \u00e0 colonnes DHVOCS - Smartbox<\/title>\n<meta name=\"robots\" content=\"index, follow, max-snippet:-1, max-image-preview:large, max-video-preview:-1\" \/>\n<link rel=\"canonical\" href=\"https:\/\/www.smartboxbelgie.be\/fr\/options-fr\/hayon-a-colonnes-dhvocs\/\" \/>\n<meta property=\"og:locale\" content=\"fr_FR\" \/>\n<meta property=\"og:type\" content=\"article\" \/>\n<meta property=\"og:title\" content=\"Hayon \u00e0 colonnes DHVOCS - Smartbox\" \/>\n<meta property=\"og:description\" content=\"Il s\u2019agit du hayon le plus r\u00e9cent de Dhollandia. Il a \u00e9t\u00e9 sp\u00e9cialement con\u00e7u pour gagner en poids, ce qui lui a valu le premier prix du \u2018produit le plus innovant\u2019 au salon de l\u2019auto \u00e0 Lyon (FR) en 2013. Ce hayon \u00e0 une capacit\u00e9 de levage de 750 kg. Seul inconv\u00e9nient : le hayon [&hellip;]\" \/>\n<meta property=\"og:url\" content=\"https:\/\/www.smartboxbelgie.be\/fr\/options-fr\/hayon-a-colonnes-dhvocs\/\" \/>\n<meta property=\"og:site_name\" content=\"Smartbox\" \/>\n<meta property=\"article:modified_time\" content=\"2015-01-14T10:49:43+00:00\" \/>\n<meta property=\"og:image\" content=\"https:\/\/www.smartboxbelgie.be\/wp-content\/uploads\/2014\/07\/smartbox-optie-_0026_Laadklep-DHVOCS.jpg\" \/>\n\t<meta property=\"og:image:width\" content=\"500\" \/>\n\t<meta property=\"og:image:height\" content=\"500\" \/>\n\t<meta property=\"og:image:type\" content=\"image\/jpeg\" \/>\n<meta name=\"twitter:label1\" content=\"Dur\u00e9e de lecture estim\u00e9e\" \/>\n\t<meta name=\"twitter:data1\" content=\"1 minute\" \/>\n<script type=\"application\/ld+json\" class=\"yoast-schema-graph\">{\"@context\":\"https:\/\/schema.org\",\"@graph\":[{\"@type\":\"WebPage\",\"@id\":\"https:\/\/www.smartboxbelgie.be\/fr\/options-fr\/hayon-a-colonnes-dhvocs\/\",\"url\":\"https:\/\/www.smartboxbelgie.be\/fr\/options-fr\/hayon-a-colonnes-dhvocs\/\",\"name\":\"Hayon \u00e0 colonnes DHVOCS - Smartbox\",\"isPartOf\":{\"@id\":\"https:\/\/www.smartboxbelgie.be\/#website\"},\"primaryImageOfPage\":{\"@id\":\"https:\/\/www.smartboxbelgie.be\/fr\/options-fr\/hayon-a-colonnes-dhvocs\/#primaryimage\"},\"image\":{\"@id\":\"https:\/\/www.smartboxbelgie.be\/fr\/options-fr\/hayon-a-colonnes-dhvocs\/#primaryimage\"},\"thumbnailUrl\":\"https:\/\/www.smartboxbelgie.be\/wp-content\/uploads\/2014\/07\/smartbox-optie-_0026_Laadklep-DHVOCS.jpg\",\"datePublished\":\"2015-01-05T15:54:32+00:00\",\"dateModified\":\"2015-01-14T10:49:43+00:00\",\"breadcrumb\":{\"@id\":\"https:\/\/www.smartboxbelgie.be\/fr\/options-fr\/hayon-a-colonnes-dhvocs\/#breadcrumb\"},\"inLanguage\":\"fr-FR\",\"potentialAction\":[{\"@type\":\"ReadAction\",\"target\":[\"https:\/\/www.smartboxbelgie.be\/fr\/options-fr\/hayon-a-colonnes-dhvocs\/\"]}]},{\"@type\":\"ImageObject\",\"inLanguage\":\"fr-FR\",\"@id\":\"https:\/\/www.smartboxbelgie.be\/fr\/options-fr\/hayon-a-colonnes-dhvocs\/#primaryimage\",\"url\":\"https:\/\/www.smartboxbelgie.be\/wp-content\/uploads\/2014\/07\/smartbox-optie-_0026_Laadklep-DHVOCS.jpg\",\"contentUrl\":\"https:\/\/www.smartboxbelgie.be\/wp-content\/uploads\/2014\/07\/smartbox-optie-_0026_Laadklep-DHVOCS.jpg\",\"width\":500,\"height\":500},{\"@type\":\"BreadcrumbList\",\"@id\":\"https:\/\/www.smartboxbelgie.be\/fr\/options-fr\/hayon-a-colonnes-dhvocs\/#breadcrumb\",\"itemListElement\":[{\"@type\":\"ListItem\",\"position\":1,\"name\":\"Home\",\"item\":\"https:\/\/www.smartboxbelgie.be\/fr\/\"},{\"@type\":\"ListItem\",\"position\":2,\"name\":\"Options\",\"item\":\"https:\/\/www.smartboxbelgie.be\/fr\/options-fr\/\"},{\"@type\":\"ListItem\",\"position\":3,\"name\":\"Hayon \u00e0 colonnes DHVOCS\"}]},{\"@type\":\"WebSite\",\"@id\":\"https:\/\/www.smartboxbelgie.be\/#website\",\"url\":\"https:\/\/www.smartboxbelgie.be\/\",\"name\":\"Smartbox\",\"description\":\"D&eacute; lichtste laadbak van Europa\",\"potentialAction\":[{\"@type\":\"SearchAction\",\"target\":{\"@type\":\"EntryPoint\",\"urlTemplate\":\"https:\/\/www.smartboxbelgie.be\/?s={search_term_string}\"},\"query-input\":{\"@type\":\"PropertyValueSpecification\",\"valueRequired\":true,\"valueName\":\"search_term_string\"}}],\"inLanguage\":\"fr-FR\"}]}<\/script>\n<!-- \/ Yoast SEO plugin. -->","yoast_head_json":{"title":"Hayon \u00e0 colonnes DHVOCS - Smartbox","robots":{"index":"index","follow":"follow","max-snippet":"max-snippet:-1","max-image-preview":"max-image-preview:large","max-video-preview":"max-video-preview:-1"},"canonical":"https:\/\/www.smartboxbelgie.be\/fr\/options-fr\/hayon-a-colonnes-dhvocs\/","og_locale":"fr_FR","og_type":"article","og_title":"Hayon \u00e0 colonnes DHVOCS - Smartbox","og_description":"Il s\u2019agit du hayon le plus r\u00e9cent de Dhollandia. Il a \u00e9t\u00e9 sp\u00e9cialement con\u00e7u pour gagner en poids, ce qui lui a valu le premier prix du \u2018produit le plus innovant\u2019 au salon de l\u2019auto \u00e0 Lyon (FR) en 2013. Ce hayon \u00e0 une capacit\u00e9 de levage de 750 kg. Seul inconv\u00e9nient : le hayon [&hellip;]","og_url":"https:\/\/www.smartboxbelgie.be\/fr\/options-fr\/hayon-a-colonnes-dhvocs\/","og_site_name":"Smartbox","article_modified_time":"2015-01-14T10:49:43+00:00","og_image":[{"width":500,"height":500,"url":"https:\/\/www.smartboxbelgie.be\/wp-content\/uploads\/2014\/07\/smartbox-optie-_0026_Laadklep-DHVOCS.jpg","type":"image\/jpeg"}],"twitter_misc":{"Dur\u00e9e de lecture estim\u00e9e":"1 minute"},"schema":{"@context":"https:\/\/schema.org","@graph":[{"@type":"WebPage","@id":"https:\/\/www.smartboxbelgie.be\/fr\/options-fr\/hayon-a-colonnes-dhvocs\/","url":"https:\/\/www.smartboxbelgie.be\/fr\/options-fr\/hayon-a-colonnes-dhvocs\/","name":"Hayon \u00e0 colonnes DHVOCS - Smartbox","isPartOf":{"@id":"https:\/\/www.smartboxbelgie.be\/#website"},"primaryImageOfPage":{"@id":"https:\/\/www.smartboxbelgie.be\/fr\/options-fr\/hayon-a-colonnes-dhvocs\/#primaryimage"},"image":{"@id":"https:\/\/www.smartboxbelgie.be\/fr\/options-fr\/hayon-a-colonnes-dhvocs\/#primaryimage"},"thumbnailUrl":"https:\/\/www.smartboxbelgie.be\/wp-content\/uploads\/2014\/07\/smartbox-optie-_0026_Laadklep-DHVOCS.jpg","datePublished":"2015-01-05T15:54:32+00:00","dateModified":"2015-01-14T10:49:43+00:00","breadcrumb":{"@id":"https:\/\/www.smartboxbelgie.be\/fr\/options-fr\/hayon-a-colonnes-dhvocs\/#breadcrumb"},"inLanguage":"fr-FR","potentialAction":[{"@type":"ReadAction","target":["https:\/\/www.smartboxbelgie.be\/fr\/options-fr\/hayon-a-colonnes-dhvocs\/"]}]},{"@type":"ImageObject","inLanguage":"fr-FR","@id":"https:\/\/www.smartboxbelgie.be\/fr\/options-fr\/hayon-a-colonnes-dhvocs\/#primaryimage","url":"https:\/\/www.smartboxbelgie.be\/wp-content\/uploads\/2014\/07\/smartbox-optie-_0026_Laadklep-DHVOCS.jpg","contentUrl":"https:\/\/www.smartboxbelgie.be\/wp-content\/uploads\/2014\/07\/smartbox-optie-_0026_Laadklep-DHVOCS.jpg","width":500,"height":500},{"@type":"BreadcrumbList","@id":"https:\/\/www.smartboxbelgie.be\/fr\/options-fr\/hayon-a-colonnes-dhvocs\/#breadcrumb","itemListElement":[{"@type":"ListItem","position":1,"name":"Home","item":"https:\/\/www.smartboxbelgie.be\/fr\/"},{"@type":"ListItem","position":2,"name":"Options","item":"https:\/\/www.smartboxbelgie.be\/fr\/options-fr\/"},{"@type":"ListItem","position":3,"name":"Hayon \u00e0 colonnes DHVOCS"}]},{"@type":"WebSite","@id":"https:\/\/www.smartboxbelgie.be\/#website","url":"https:\/\/www.smartboxbelgie.be\/","name":"Smartbox","description":"D&eacute; lichtste laadbak van Europa","potentialAction":[{"@type":"SearchAction","target":{"@type":"EntryPoint","urlTemplate":"https:\/\/www.smartboxbelgie.be\/?s={search_term_string}"},"query-input":{"@type":"PropertyValueSpecification","valueRequired":true,"valueName":"search_term_string"}}],"inLanguage":"fr-FR"}]}},"_links":{"self":[{"href":"https:\/\/www.smartboxbelgie.be\/fr\/wp-json\/wp\/v2\/pages\/1324","targetHints":{"allow":["GET"]}}],"collection":[{"href":"https:\/\/www.smartboxbelgie.be\/fr\/wp-json\/wp\/v2\/pages"}],"about":[{"href":"https:\/\/www.smartboxbelgie.be\/fr\/wp-json\/wp\/v2\/types\/page"}],"author":[{"embeddable":true,"href":"https:\/\/www.smartboxbelgie.be\/fr\/wp-json\/wp\/v2\/users\/11"}],"replies":[{"embeddable":true,"href":"https:\/\/www.smartboxbelgie.be\/fr\/wp-json\/wp\/v2\/comments?post=1324"}],"version-history":[{"count":4,"href":"https:\/\/www.smartboxbelgie.be\/fr\/wp-json\/wp\/v2\/pages\/1324\/revisions"}],"predecessor-version":[{"id":1545,"href":"https:\/\/www.smartboxbelgie.be\/fr\/wp-json\/wp\/v2\/pages\/1324\/revisions\/1545"}],"up":[{"embeddable":true,"href":"https:\/\/www.smartboxbelgie.be\/fr\/wp-json\/wp\/v2\/pages\/1278"}],"wp:featuredmedia":[{"embeddable":true,"href":"https:\/\/www.smartboxbelgie.be\/fr\/wp-json\/wp\/v2\/media\/614"}],"wp:attachment":[{"href":"https:\/\/www.smartboxbelgie.be\/fr\/wp-json\/wp\/v2\/media?parent=1324"}],"curies":[{"name":"wp","href":"https:\/\/api.w.org\/{rel}","templated":true}]}}