{"id":1305,"date":"2015-01-05T13:21:45","date_gmt":"2015-01-05T12:21:45","guid":{"rendered":"https:\/\/www.smartboxbelgie.be\/?page_id=1305"},"modified":"2015-01-12T13:02:08","modified_gmt":"2015-01-12T12:02:08","slug":"barre-telescopique","status":"publish","type":"page","link":"https:\/\/www.smartboxbelgie.be\/fr\/options-fr\/barre-telescopique\/","title":{"rendered":"Barre t\u00e9l\u00e9scopique"},"content":{"rendered":"<p>Une barre t\u00e9l\u00e9scopique en aluminium maintient le chargement en place entre les rails mixte ou les rails d\u2019avion. Elle peut \u00e9galement \u00eatre utilis\u00e9e avec des rails de sol et de toit.<\/p>\n","protected":false},"excerpt":{"rendered":"<p>Une barre t\u00e9l\u00e9scopique en aluminium maintient le chargement en place entre les rails mixte ou les rails d\u2019avion. Elle peut \u00e9galement \u00eatre utilis\u00e9e avec des rails de sol et de toit.<\/p>\n","protected":false},"author":11,"featured_media":574,"parent":1278,"menu_order":260,"comment_status":"closed","ping_status":"closed","template":"tpl_optie.php","meta":{"footnotes":""},"class_list":["post-1305","page","type-page","status-publish","has-post-thumbnail","hentry"],"yoast_head":"<!-- This site is optimized with the Yoast SEO plugin v26.6 - https:\/\/yoast.com\/wordpress\/plugins\/seo\/ -->\n<title>Barre t\u00e9l\u00e9scopique - Smartbox<\/title>\n<meta name=\"robots\" content=\"index, follow, max-snippet:-1, max-image-preview:large, max-video-preview:-1\" \/>\n<link rel=\"canonical\" href=\"https:\/\/www.smartboxbelgie.be\/fr\/options-fr\/barre-telescopique\/\" \/>\n<meta property=\"og:locale\" content=\"fr_FR\" \/>\n<meta property=\"og:type\" content=\"article\" \/>\n<meta property=\"og:title\" content=\"Barre t\u00e9l\u00e9scopique - Smartbox\" \/>\n<meta property=\"og:description\" content=\"Une barre t\u00e9l\u00e9scopique en aluminium maintient le chargement en place entre les rails mixte ou les rails d\u2019avion. Elle peut \u00e9galement \u00eatre utilis\u00e9e avec des rails de sol et de toit.\" \/>\n<meta property=\"og:url\" content=\"https:\/\/www.smartboxbelgie.be\/fr\/options-fr\/barre-telescopique\/\" \/>\n<meta property=\"og:site_name\" content=\"Smartbox\" \/>\n<meta property=\"article:modified_time\" content=\"2015-01-12T12:02:08+00:00\" \/>\n<meta property=\"og:image\" content=\"https:\/\/www.smartboxbelgie.be\/wp-content\/uploads\/2014\/07\/smartbox-optie-_0025_Ladingstang.jpg\" \/>\n\t<meta property=\"og:image:width\" content=\"500\" \/>\n\t<meta property=\"og:image:height\" content=\"500\" \/>\n\t<meta property=\"og:image:type\" content=\"image\/jpeg\" \/>\n<script type=\"application\/ld+json\" class=\"yoast-schema-graph\">{\"@context\":\"https:\/\/schema.org\",\"@graph\":[{\"@type\":\"WebPage\",\"@id\":\"https:\/\/www.smartboxbelgie.be\/fr\/options-fr\/barre-telescopique\/\",\"url\":\"https:\/\/www.smartboxbelgie.be\/fr\/options-fr\/barre-telescopique\/\",\"name\":\"Barre t\u00e9l\u00e9scopique - Smartbox\",\"isPartOf\":{\"@id\":\"https:\/\/www.smartboxbelgie.be\/#website\"},\"primaryImageOfPage\":{\"@id\":\"https:\/\/www.smartboxbelgie.be\/fr\/options-fr\/barre-telescopique\/#primaryimage\"},\"image\":{\"@id\":\"https:\/\/www.smartboxbelgie.be\/fr\/options-fr\/barre-telescopique\/#primaryimage\"},\"thumbnailUrl\":\"https:\/\/www.smartboxbelgie.be\/wp-content\/uploads\/2014\/07\/smartbox-optie-_0025_Ladingstang.jpg\",\"datePublished\":\"2015-01-05T12:21:45+00:00\",\"dateModified\":\"2015-01-12T12:02:08+00:00\",\"breadcrumb\":{\"@id\":\"https:\/\/www.smartboxbelgie.be\/fr\/options-fr\/barre-telescopique\/#breadcrumb\"},\"inLanguage\":\"fr-FR\",\"potentialAction\":[{\"@type\":\"ReadAction\",\"target\":[\"https:\/\/www.smartboxbelgie.be\/fr\/options-fr\/barre-telescopique\/\"]}]},{\"@type\":\"ImageObject\",\"inLanguage\":\"fr-FR\",\"@id\":\"https:\/\/www.smartboxbelgie.be\/fr\/options-fr\/barre-telescopique\/#primaryimage\",\"url\":\"https:\/\/www.smartboxbelgie.be\/wp-content\/uploads\/2014\/07\/smartbox-optie-_0025_Ladingstang.jpg\",\"contentUrl\":\"https:\/\/www.smartboxbelgie.be\/wp-content\/uploads\/2014\/07\/smartbox-optie-_0025_Ladingstang.jpg\",\"width\":500,\"height\":500,\"caption\":\"ladingstang\"},{\"@type\":\"BreadcrumbList\",\"@id\":\"https:\/\/www.smartboxbelgie.be\/fr\/options-fr\/barre-telescopique\/#breadcrumb\",\"itemListElement\":[{\"@type\":\"ListItem\",\"position\":1,\"name\":\"Home\",\"item\":\"https:\/\/www.smartboxbelgie.be\/fr\/\"},{\"@type\":\"ListItem\",\"position\":2,\"name\":\"Options\",\"item\":\"https:\/\/www.smartboxbelgie.be\/fr\/options-fr\/\"},{\"@type\":\"ListItem\",\"position\":3,\"name\":\"Barre t\u00e9l\u00e9scopique\"}]},{\"@type\":\"WebSite\",\"@id\":\"https:\/\/www.smartboxbelgie.be\/#website\",\"url\":\"https:\/\/www.smartboxbelgie.be\/\",\"name\":\"Smartbox\",\"description\":\"D&eacute; lichtste laadbak van Europa\",\"potentialAction\":[{\"@type\":\"SearchAction\",\"target\":{\"@type\":\"EntryPoint\",\"urlTemplate\":\"https:\/\/www.smartboxbelgie.be\/?s={search_term_string}\"},\"query-input\":{\"@type\":\"PropertyValueSpecification\",\"valueRequired\":true,\"valueName\":\"search_term_string\"}}],\"inLanguage\":\"fr-FR\"}]}<\/script>\n<!-- \/ Yoast SEO plugin. -->","yoast_head_json":{"title":"Barre t\u00e9l\u00e9scopique - Smartbox","robots":{"index":"index","follow":"follow","max-snippet":"max-snippet:-1","max-image-preview":"max-image-preview:large","max-video-preview":"max-video-preview:-1"},"canonical":"https:\/\/www.smartboxbelgie.be\/fr\/options-fr\/barre-telescopique\/","og_locale":"fr_FR","og_type":"article","og_title":"Barre t\u00e9l\u00e9scopique - Smartbox","og_description":"Une barre t\u00e9l\u00e9scopique en aluminium maintient le chargement en place entre les rails mixte ou les rails d\u2019avion. Elle peut \u00e9galement \u00eatre utilis\u00e9e avec des rails de sol et de toit.","og_url":"https:\/\/www.smartboxbelgie.be\/fr\/options-fr\/barre-telescopique\/","og_site_name":"Smartbox","article_modified_time":"2015-01-12T12:02:08+00:00","og_image":[{"width":500,"height":500,"url":"https:\/\/www.smartboxbelgie.be\/wp-content\/uploads\/2014\/07\/smartbox-optie-_0025_Ladingstang.jpg","type":"image\/jpeg"}],"schema":{"@context":"https:\/\/schema.org","@graph":[{"@type":"WebPage","@id":"https:\/\/www.smartboxbelgie.be\/fr\/options-fr\/barre-telescopique\/","url":"https:\/\/www.smartboxbelgie.be\/fr\/options-fr\/barre-telescopique\/","name":"Barre t\u00e9l\u00e9scopique - Smartbox","isPartOf":{"@id":"https:\/\/www.smartboxbelgie.be\/#website"},"primaryImageOfPage":{"@id":"https:\/\/www.smartboxbelgie.be\/fr\/options-fr\/barre-telescopique\/#primaryimage"},"image":{"@id":"https:\/\/www.smartboxbelgie.be\/fr\/options-fr\/barre-telescopique\/#primaryimage"},"thumbnailUrl":"https:\/\/www.smartboxbelgie.be\/wp-content\/uploads\/2014\/07\/smartbox-optie-_0025_Ladingstang.jpg","datePublished":"2015-01-05T12:21:45+00:00","dateModified":"2015-01-12T12:02:08+00:00","breadcrumb":{"@id":"https:\/\/www.smartboxbelgie.be\/fr\/options-fr\/barre-telescopique\/#breadcrumb"},"inLanguage":"fr-FR","potentialAction":[{"@type":"ReadAction","target":["https:\/\/www.smartboxbelgie.be\/fr\/options-fr\/barre-telescopique\/"]}]},{"@type":"ImageObject","inLanguage":"fr-FR","@id":"https:\/\/www.smartboxbelgie.be\/fr\/options-fr\/barre-telescopique\/#primaryimage","url":"https:\/\/www.smartboxbelgie.be\/wp-content\/uploads\/2014\/07\/smartbox-optie-_0025_Ladingstang.jpg","contentUrl":"https:\/\/www.smartboxbelgie.be\/wp-content\/uploads\/2014\/07\/smartbox-optie-_0025_Ladingstang.jpg","width":500,"height":500,"caption":"ladingstang"},{"@type":"BreadcrumbList","@id":"https:\/\/www.smartboxbelgie.be\/fr\/options-fr\/barre-telescopique\/#breadcrumb","itemListElement":[{"@type":"ListItem","position":1,"name":"Home","item":"https:\/\/www.smartboxbelgie.be\/fr\/"},{"@type":"ListItem","position":2,"name":"Options","item":"https:\/\/www.smartboxbelgie.be\/fr\/options-fr\/"},{"@type":"ListItem","position":3,"name":"Barre t\u00e9l\u00e9scopique"}]},{"@type":"WebSite","@id":"https:\/\/www.smartboxbelgie.be\/#website","url":"https:\/\/www.smartboxbelgie.be\/","name":"Smartbox","description":"D&eacute; lichtste laadbak van Europa","potentialAction":[{"@type":"SearchAction","target":{"@type":"EntryPoint","urlTemplate":"https:\/\/www.smartboxbelgie.be\/?s={search_term_string}"},"query-input":{"@type":"PropertyValueSpecification","valueRequired":true,"valueName":"search_term_string"}}],"inLanguage":"fr-FR"}]}},"_links":{"self":[{"href":"https:\/\/www.smartboxbelgie.be\/fr\/wp-json\/wp\/v2\/pages\/1305","targetHints":{"allow":["GET"]}}],"collection":[{"href":"https:\/\/www.smartboxbelgie.be\/fr\/wp-json\/wp\/v2\/pages"}],"about":[{"href":"https:\/\/www.smartboxbelgie.be\/fr\/wp-json\/wp\/v2\/types\/page"}],"author":[{"embeddable":true,"href":"https:\/\/www.smartboxbelgie.be\/fr\/wp-json\/wp\/v2\/users\/11"}],"replies":[{"embeddable":true,"href":"https:\/\/www.smartboxbelgie.be\/fr\/wp-json\/wp\/v2\/comments?post=1305"}],"version-history":[{"count":2,"href":"https:\/\/www.smartboxbelgie.be\/fr\/wp-json\/wp\/v2\/pages\/1305\/revisions"}],"predecessor-version":[{"id":1448,"href":"https:\/\/www.smartboxbelgie.be\/fr\/wp-json\/wp\/v2\/pages\/1305\/revisions\/1448"}],"up":[{"embeddable":true,"href":"https:\/\/www.smartboxbelgie.be\/fr\/wp-json\/wp\/v2\/pages\/1278"}],"wp:featuredmedia":[{"embeddable":true,"href":"https:\/\/www.smartboxbelgie.be\/fr\/wp-json\/wp\/v2\/media\/574"}],"wp:attachment":[{"href":"https:\/\/www.smartboxbelgie.be\/fr\/wp-json\/wp\/v2\/media?parent=1305"}],"curies":[{"name":"wp","href":"https:\/\/api.w.org\/{rel}","templated":true}]}}