{"id":1296,"date":"2015-01-05T09:48:36","date_gmt":"2015-01-05T08:48:36","guid":{"rendered":"https:\/\/www.smartboxbelgie.be\/?page_id=1296"},"modified":"2015-01-10T09:58:46","modified_gmt":"2015-01-10T08:58:46","slug":"poids-inferieur-consommation-reduite","status":"publish","type":"page","link":"https:\/\/www.smartboxbelgie.be\/fr\/poids-inferieur-consommation-reduite\/","title":{"rendered":"Poids inf\u00e9rieur = consommation r\u00e9duite"},"content":{"rendered":"<h2>Le poids propre plus bas de votre Smart-Box entra\u00eene une consommation significativement r\u00e9duite.<\/h2>\n<p>&nbsp;<\/p>\n<p style=\"text-align: center;\"><img loading=\"lazy\" decoding=\"async\" class=\"wp-image-311 aligncenter\" src=\"https:\/\/www.smartboxbelgie.be\/wp-content\/uploads\/2014\/04\/smartbox-laag-verbruik.jpg\" alt=\"smartbox-laag-verbruik\" width=\"586\" height=\"265\" srcset=\"https:\/\/www.smartboxbelgie.be\/wp-content\/uploads\/2014\/04\/smartbox-laag-verbruik.jpg 690w, https:\/\/www.smartboxbelgie.be\/wp-content\/uploads\/2014\/04\/smartbox-laag-verbruik-300x136.jpg 300w, https:\/\/www.smartboxbelgie.be\/wp-content\/uploads\/2014\/04\/smartbox-laag-verbruik-400x181.jpg 400w\" sizes=\"auto, (max-width: 586px) 100vw, 586px\" \/><\/p>\n<p style=\"text-align: center;\">Votre camionnette consomme 0,8\u00a0l\/100\u00a0km de moins si elle p\u00e8se 200 kg de moins. Des \u00e9tudes l\u2019ont d\u00e9montr\u00e9. Cela signifie une \u00e9conomie de 1200\u00a0\u20ac pour 100.000\u00a0km.Vous \u00e9conomisez en outre aussi sur les frais d\u2019entretien\u00a0: un poids moindre signifie aussi une usure moindre.<\/p>\n","protected":false},"excerpt":{"rendered":"<p>Le poids propre plus bas de votre Smart-Box entra\u00eene une consommation significativement r\u00e9duite. &nbsp; Votre camionnette consomme 0,8\u00a0l\/100\u00a0km de moins si elle p\u00e8se 200 kg de moins. Des \u00e9tudes l\u2019ont d\u00e9montr\u00e9. Cela signifie une \u00e9conomie de 1200\u00a0\u20ac pour 100.000\u00a0km.Vous \u00e9conomisez en outre aussi sur les frais d\u2019entretien\u00a0: un poids moindre signifie aussi une usure moindre.<\/p>\n","protected":false},"author":1,"featured_media":0,"parent":0,"menu_order":0,"comment_status":"open","ping_status":"closed","template":"tpl_fullwidth.php","meta":{"footnotes":""},"class_list":["post-1296","page","type-page","status-publish","hentry"],"yoast_head":"<!-- This site is optimized with the Yoast SEO plugin v26.6 - https:\/\/yoast.com\/wordpress\/plugins\/seo\/ -->\n<title>Poids inf\u00e9rieur = consommation r\u00e9duite - Smartbox<\/title>\n<meta name=\"robots\" content=\"index, follow, max-snippet:-1, max-image-preview:large, max-video-preview:-1\" \/>\n<link rel=\"canonical\" href=\"https:\/\/www.smartboxbelgie.be\/fr\/poids-inferieur-consommation-reduite\/\" \/>\n<meta property=\"og:locale\" content=\"fr_FR\" \/>\n<meta property=\"og:type\" content=\"article\" \/>\n<meta property=\"og:title\" content=\"Poids inf\u00e9rieur = consommation r\u00e9duite - Smartbox\" \/>\n<meta property=\"og:description\" content=\"Le poids propre plus bas de votre Smart-Box entra\u00eene une consommation significativement r\u00e9duite. &nbsp; Votre camionnette consomme 0,8\u00a0l\/100\u00a0km de moins si elle p\u00e8se 200 kg de moins. Des \u00e9tudes l\u2019ont d\u00e9montr\u00e9. Cela signifie une \u00e9conomie de 1200\u00a0\u20ac pour 100.000\u00a0km.Vous \u00e9conomisez en outre aussi sur les frais d\u2019entretien\u00a0: un poids moindre signifie aussi une usure moindre.\" \/>\n<meta property=\"og:url\" content=\"https:\/\/www.smartboxbelgie.be\/fr\/poids-inferieur-consommation-reduite\/\" \/>\n<meta property=\"og:site_name\" content=\"Smartbox\" \/>\n<meta property=\"article:modified_time\" content=\"2015-01-10T08:58:46+00:00\" \/>\n<meta property=\"og:image\" content=\"https:\/\/www.smartboxbelgie.be\/wp-content\/uploads\/2014\/04\/smartbox-laag-verbruik.jpg\" \/>\n<script type=\"application\/ld+json\" class=\"yoast-schema-graph\">{\"@context\":\"https:\/\/schema.org\",\"@graph\":[{\"@type\":\"WebPage\",\"@id\":\"https:\/\/www.smartboxbelgie.be\/fr\/poids-inferieur-consommation-reduite\/\",\"url\":\"https:\/\/www.smartboxbelgie.be\/fr\/poids-inferieur-consommation-reduite\/\",\"name\":\"Poids inf\u00e9rieur = consommation r\u00e9duite - Smartbox\",\"isPartOf\":{\"@id\":\"https:\/\/www.smartboxbelgie.be\/#website\"},\"primaryImageOfPage\":{\"@id\":\"https:\/\/www.smartboxbelgie.be\/fr\/poids-inferieur-consommation-reduite\/#primaryimage\"},\"image\":{\"@id\":\"https:\/\/www.smartboxbelgie.be\/fr\/poids-inferieur-consommation-reduite\/#primaryimage\"},\"thumbnailUrl\":\"https:\/\/www.smartboxbelgie.be\/wp-content\/uploads\/2014\/04\/smartbox-laag-verbruik.jpg\",\"datePublished\":\"2015-01-05T08:48:36+00:00\",\"dateModified\":\"2015-01-10T08:58:46+00:00\",\"breadcrumb\":{\"@id\":\"https:\/\/www.smartboxbelgie.be\/fr\/poids-inferieur-consommation-reduite\/#breadcrumb\"},\"inLanguage\":\"fr-FR\",\"potentialAction\":[{\"@type\":\"ReadAction\",\"target\":[\"https:\/\/www.smartboxbelgie.be\/fr\/poids-inferieur-consommation-reduite\/\"]}]},{\"@type\":\"ImageObject\",\"inLanguage\":\"fr-FR\",\"@id\":\"https:\/\/www.smartboxbelgie.be\/fr\/poids-inferieur-consommation-reduite\/#primaryimage\",\"url\":\"https:\/\/www.smartboxbelgie.be\/wp-content\/uploads\/2014\/04\/smartbox-laag-verbruik.jpg\",\"contentUrl\":\"https:\/\/www.smartboxbelgie.be\/wp-content\/uploads\/2014\/04\/smartbox-laag-verbruik.jpg\"},{\"@type\":\"BreadcrumbList\",\"@id\":\"https:\/\/www.smartboxbelgie.be\/fr\/poids-inferieur-consommation-reduite\/#breadcrumb\",\"itemListElement\":[{\"@type\":\"ListItem\",\"position\":1,\"name\":\"Home\",\"item\":\"https:\/\/www.smartboxbelgie.be\/fr\/\"},{\"@type\":\"ListItem\",\"position\":2,\"name\":\"Poids inf\u00e9rieur = consommation r\u00e9duite\"}]},{\"@type\":\"WebSite\",\"@id\":\"https:\/\/www.smartboxbelgie.be\/#website\",\"url\":\"https:\/\/www.smartboxbelgie.be\/\",\"name\":\"Smartbox\",\"description\":\"D&eacute; lichtste laadbak van Europa\",\"potentialAction\":[{\"@type\":\"SearchAction\",\"target\":{\"@type\":\"EntryPoint\",\"urlTemplate\":\"https:\/\/www.smartboxbelgie.be\/?s={search_term_string}\"},\"query-input\":{\"@type\":\"PropertyValueSpecification\",\"valueRequired\":true,\"valueName\":\"search_term_string\"}}],\"inLanguage\":\"fr-FR\"}]}<\/script>\n<!-- \/ Yoast SEO plugin. -->","yoast_head_json":{"title":"Poids inf\u00e9rieur = consommation r\u00e9duite - Smartbox","robots":{"index":"index","follow":"follow","max-snippet":"max-snippet:-1","max-image-preview":"max-image-preview:large","max-video-preview":"max-video-preview:-1"},"canonical":"https:\/\/www.smartboxbelgie.be\/fr\/poids-inferieur-consommation-reduite\/","og_locale":"fr_FR","og_type":"article","og_title":"Poids inf\u00e9rieur = consommation r\u00e9duite - Smartbox","og_description":"Le poids propre plus bas de votre Smart-Box entra\u00eene une consommation significativement r\u00e9duite. &nbsp; Votre camionnette consomme 0,8\u00a0l\/100\u00a0km de moins si elle p\u00e8se 200 kg de moins. Des \u00e9tudes l\u2019ont d\u00e9montr\u00e9. Cela signifie une \u00e9conomie de 1200\u00a0\u20ac pour 100.000\u00a0km.Vous \u00e9conomisez en outre aussi sur les frais d\u2019entretien\u00a0: un poids moindre signifie aussi une usure moindre.","og_url":"https:\/\/www.smartboxbelgie.be\/fr\/poids-inferieur-consommation-reduite\/","og_site_name":"Smartbox","article_modified_time":"2015-01-10T08:58:46+00:00","og_image":[{"url":"https:\/\/www.smartboxbelgie.be\/wp-content\/uploads\/2014\/04\/smartbox-laag-verbruik.jpg","type":"","width":"","height":""}],"schema":{"@context":"https:\/\/schema.org","@graph":[{"@type":"WebPage","@id":"https:\/\/www.smartboxbelgie.be\/fr\/poids-inferieur-consommation-reduite\/","url":"https:\/\/www.smartboxbelgie.be\/fr\/poids-inferieur-consommation-reduite\/","name":"Poids inf\u00e9rieur = consommation r\u00e9duite - Smartbox","isPartOf":{"@id":"https:\/\/www.smartboxbelgie.be\/#website"},"primaryImageOfPage":{"@id":"https:\/\/www.smartboxbelgie.be\/fr\/poids-inferieur-consommation-reduite\/#primaryimage"},"image":{"@id":"https:\/\/www.smartboxbelgie.be\/fr\/poids-inferieur-consommation-reduite\/#primaryimage"},"thumbnailUrl":"https:\/\/www.smartboxbelgie.be\/wp-content\/uploads\/2014\/04\/smartbox-laag-verbruik.jpg","datePublished":"2015-01-05T08:48:36+00:00","dateModified":"2015-01-10T08:58:46+00:00","breadcrumb":{"@id":"https:\/\/www.smartboxbelgie.be\/fr\/poids-inferieur-consommation-reduite\/#breadcrumb"},"inLanguage":"fr-FR","potentialAction":[{"@type":"ReadAction","target":["https:\/\/www.smartboxbelgie.be\/fr\/poids-inferieur-consommation-reduite\/"]}]},{"@type":"ImageObject","inLanguage":"fr-FR","@id":"https:\/\/www.smartboxbelgie.be\/fr\/poids-inferieur-consommation-reduite\/#primaryimage","url":"https:\/\/www.smartboxbelgie.be\/wp-content\/uploads\/2014\/04\/smartbox-laag-verbruik.jpg","contentUrl":"https:\/\/www.smartboxbelgie.be\/wp-content\/uploads\/2014\/04\/smartbox-laag-verbruik.jpg"},{"@type":"BreadcrumbList","@id":"https:\/\/www.smartboxbelgie.be\/fr\/poids-inferieur-consommation-reduite\/#breadcrumb","itemListElement":[{"@type":"ListItem","position":1,"name":"Home","item":"https:\/\/www.smartboxbelgie.be\/fr\/"},{"@type":"ListItem","position":2,"name":"Poids inf\u00e9rieur = consommation r\u00e9duite"}]},{"@type":"WebSite","@id":"https:\/\/www.smartboxbelgie.be\/#website","url":"https:\/\/www.smartboxbelgie.be\/","name":"Smartbox","description":"D&eacute; lichtste laadbak van Europa","potentialAction":[{"@type":"SearchAction","target":{"@type":"EntryPoint","urlTemplate":"https:\/\/www.smartboxbelgie.be\/?s={search_term_string}"},"query-input":{"@type":"PropertyValueSpecification","valueRequired":true,"valueName":"search_term_string"}}],"inLanguage":"fr-FR"}]}},"_links":{"self":[{"href":"https:\/\/www.smartboxbelgie.be\/fr\/wp-json\/wp\/v2\/pages\/1296","targetHints":{"allow":["GET"]}}],"collection":[{"href":"https:\/\/www.smartboxbelgie.be\/fr\/wp-json\/wp\/v2\/pages"}],"about":[{"href":"https:\/\/www.smartboxbelgie.be\/fr\/wp-json\/wp\/v2\/types\/page"}],"author":[{"embeddable":true,"href":"https:\/\/www.smartboxbelgie.be\/fr\/wp-json\/wp\/v2\/users\/1"}],"replies":[{"embeddable":true,"href":"https:\/\/www.smartboxbelgie.be\/fr\/wp-json\/wp\/v2\/comments?post=1296"}],"version-history":[{"count":6,"href":"https:\/\/www.smartboxbelgie.be\/fr\/wp-json\/wp\/v2\/pages\/1296\/revisions"}],"predecessor-version":[{"id":1433,"href":"https:\/\/www.smartboxbelgie.be\/fr\/wp-json\/wp\/v2\/pages\/1296\/revisions\/1433"}],"wp:attachment":[{"href":"https:\/\/www.smartboxbelgie.be\/fr\/wp-json\/wp\/v2\/media?parent=1296"}],"curies":[{"name":"wp","href":"https:\/\/api.w.org\/{rel}","templated":true}]}}