{"id":1270,"date":"2014-12-29T22:29:43","date_gmt":"2014-12-29T21:29:43","guid":{"rendered":"https:\/\/www.smartboxbelgie.be\/?page_id=1270"},"modified":"2015-01-15T09:07:27","modified_gmt":"2015-01-15T08:07:27","slug":"escalier-repliable","status":"publish","type":"page","link":"https:\/\/www.smartboxbelgie.be\/fr\/options-fr\/escalier-repliable\/","title":{"rendered":"Escalier 2 marches repliable"},"content":{"rendered":"<p>Il s\u2019agit d\u2019une option suppl\u00e9mentaire avec la porte coulissante avec marche pied. La barre lat\u00e9rale vous aide \u00e0 monter et \u00e0 descendre via la porte lat\u00e9rale. Mais le chauffeur doit alors litt\u00e9ralement grimper dans la caisse. Un escalier repliable avec 2 marches est plus confortable et plus s\u00fbr pour monter et descendre. Id\u00e9al si vous utilisez r\u00e9guli\u00e8rement la porte lat\u00e9rale. La porte coulissante avec marchepied int\u00e9gr\u00e9 en est une variante.<\/p>\n","protected":false},"excerpt":{"rendered":"<p>Il s\u2019agit d\u2019une option suppl\u00e9mentaire avec la porte coulissante avec marche pied. La barre lat\u00e9rale vous aide \u00e0 monter et \u00e0 descendre via la porte lat\u00e9rale. Mais le chauffeur doit alors litt\u00e9ralement grimper dans la caisse. Un escalier repliable avec 2 marches est plus confortable et plus s\u00fbr pour monter et descendre. Id\u00e9al si vous [&hellip;]<\/p>\n","protected":false},"author":11,"featured_media":946,"parent":1278,"menu_order":10,"comment_status":"closed","ping_status":"closed","template":"tpl_optie.php","meta":{"footnotes":""},"class_list":["post-1270","page","type-page","status-publish","has-post-thumbnail","hentry"],"yoast_head":"<!-- This site is optimized with the Yoast SEO plugin v26.6 - https:\/\/yoast.com\/wordpress\/plugins\/seo\/ -->\n<title>Escalier 2 marches repliable - Smartbox<\/title>\n<meta name=\"robots\" content=\"index, follow, max-snippet:-1, max-image-preview:large, max-video-preview:-1\" \/>\n<link rel=\"canonical\" href=\"https:\/\/www.smartboxbelgie.be\/fr\/options-fr\/escalier-repliable\/\" \/>\n<meta property=\"og:locale\" content=\"fr_FR\" \/>\n<meta property=\"og:type\" content=\"article\" \/>\n<meta property=\"og:title\" content=\"Escalier 2 marches repliable - Smartbox\" \/>\n<meta property=\"og:description\" content=\"Il s\u2019agit d\u2019une option suppl\u00e9mentaire avec la porte coulissante avec marche pied. La barre lat\u00e9rale vous aide \u00e0 monter et \u00e0 descendre via la porte lat\u00e9rale. Mais le chauffeur doit alors litt\u00e9ralement grimper dans la caisse. Un escalier repliable avec 2 marches est plus confortable et plus s\u00fbr pour monter et descendre. Id\u00e9al si vous [&hellip;]\" \/>\n<meta property=\"og:url\" content=\"https:\/\/www.smartboxbelgie.be\/fr\/options-fr\/escalier-repliable\/\" \/>\n<meta property=\"og:site_name\" content=\"Smartbox\" \/>\n<meta property=\"article:modified_time\" content=\"2015-01-15T08:07:27+00:00\" \/>\n<meta property=\"og:image\" content=\"https:\/\/www.smartboxbelgie.be\/wp-content\/uploads\/2014\/12\/SmartBox-Kanteltrap.jpg\" \/>\n\t<meta property=\"og:image:width\" content=\"360\" \/>\n\t<meta property=\"og:image:height\" content=\"360\" \/>\n\t<meta property=\"og:image:type\" content=\"image\/jpeg\" \/>\n<script type=\"application\/ld+json\" class=\"yoast-schema-graph\">{\"@context\":\"https:\/\/schema.org\",\"@graph\":[{\"@type\":\"WebPage\",\"@id\":\"https:\/\/www.smartboxbelgie.be\/fr\/options-fr\/escalier-repliable\/\",\"url\":\"https:\/\/www.smartboxbelgie.be\/fr\/options-fr\/escalier-repliable\/\",\"name\":\"Escalier 2 marches repliable - Smartbox\",\"isPartOf\":{\"@id\":\"https:\/\/www.smartboxbelgie.be\/#website\"},\"primaryImageOfPage\":{\"@id\":\"https:\/\/www.smartboxbelgie.be\/fr\/options-fr\/escalier-repliable\/#primaryimage\"},\"image\":{\"@id\":\"https:\/\/www.smartboxbelgie.be\/fr\/options-fr\/escalier-repliable\/#primaryimage\"},\"thumbnailUrl\":\"https:\/\/www.smartboxbelgie.be\/wp-content\/uploads\/2014\/12\/SmartBox-Kanteltrap.jpg\",\"datePublished\":\"2014-12-29T21:29:43+00:00\",\"dateModified\":\"2015-01-15T08:07:27+00:00\",\"breadcrumb\":{\"@id\":\"https:\/\/www.smartboxbelgie.be\/fr\/options-fr\/escalier-repliable\/#breadcrumb\"},\"inLanguage\":\"fr-FR\",\"potentialAction\":[{\"@type\":\"ReadAction\",\"target\":[\"https:\/\/www.smartboxbelgie.be\/fr\/options-fr\/escalier-repliable\/\"]}]},{\"@type\":\"ImageObject\",\"inLanguage\":\"fr-FR\",\"@id\":\"https:\/\/www.smartboxbelgie.be\/fr\/options-fr\/escalier-repliable\/#primaryimage\",\"url\":\"https:\/\/www.smartboxbelgie.be\/wp-content\/uploads\/2014\/12\/SmartBox-Kanteltrap.jpg\",\"contentUrl\":\"https:\/\/www.smartboxbelgie.be\/wp-content\/uploads\/2014\/12\/SmartBox-Kanteltrap.jpg\",\"width\":360,\"height\":360},{\"@type\":\"BreadcrumbList\",\"@id\":\"https:\/\/www.smartboxbelgie.be\/fr\/options-fr\/escalier-repliable\/#breadcrumb\",\"itemListElement\":[{\"@type\":\"ListItem\",\"position\":1,\"name\":\"Home\",\"item\":\"https:\/\/www.smartboxbelgie.be\/fr\/\"},{\"@type\":\"ListItem\",\"position\":2,\"name\":\"Options\",\"item\":\"https:\/\/www.smartboxbelgie.be\/fr\/options-fr\/\"},{\"@type\":\"ListItem\",\"position\":3,\"name\":\"Escalier 2 marches repliable\"}]},{\"@type\":\"WebSite\",\"@id\":\"https:\/\/www.smartboxbelgie.be\/#website\",\"url\":\"https:\/\/www.smartboxbelgie.be\/\",\"name\":\"Smartbox\",\"description\":\"D&eacute; lichtste laadbak van Europa\",\"potentialAction\":[{\"@type\":\"SearchAction\",\"target\":{\"@type\":\"EntryPoint\",\"urlTemplate\":\"https:\/\/www.smartboxbelgie.be\/?s={search_term_string}\"},\"query-input\":{\"@type\":\"PropertyValueSpecification\",\"valueRequired\":true,\"valueName\":\"search_term_string\"}}],\"inLanguage\":\"fr-FR\"}]}<\/script>\n<!-- \/ Yoast SEO plugin. -->","yoast_head_json":{"title":"Escalier 2 marches repliable - Smartbox","robots":{"index":"index","follow":"follow","max-snippet":"max-snippet:-1","max-image-preview":"max-image-preview:large","max-video-preview":"max-video-preview:-1"},"canonical":"https:\/\/www.smartboxbelgie.be\/fr\/options-fr\/escalier-repliable\/","og_locale":"fr_FR","og_type":"article","og_title":"Escalier 2 marches repliable - Smartbox","og_description":"Il s\u2019agit d\u2019une option suppl\u00e9mentaire avec la porte coulissante avec marche pied. La barre lat\u00e9rale vous aide \u00e0 monter et \u00e0 descendre via la porte lat\u00e9rale. Mais le chauffeur doit alors litt\u00e9ralement grimper dans la caisse. Un escalier repliable avec 2 marches est plus confortable et plus s\u00fbr pour monter et descendre. Id\u00e9al si vous [&hellip;]","og_url":"https:\/\/www.smartboxbelgie.be\/fr\/options-fr\/escalier-repliable\/","og_site_name":"Smartbox","article_modified_time":"2015-01-15T08:07:27+00:00","og_image":[{"width":360,"height":360,"url":"https:\/\/www.smartboxbelgie.be\/wp-content\/uploads\/2014\/12\/SmartBox-Kanteltrap.jpg","type":"image\/jpeg"}],"schema":{"@context":"https:\/\/schema.org","@graph":[{"@type":"WebPage","@id":"https:\/\/www.smartboxbelgie.be\/fr\/options-fr\/escalier-repliable\/","url":"https:\/\/www.smartboxbelgie.be\/fr\/options-fr\/escalier-repliable\/","name":"Escalier 2 marches repliable - Smartbox","isPartOf":{"@id":"https:\/\/www.smartboxbelgie.be\/#website"},"primaryImageOfPage":{"@id":"https:\/\/www.smartboxbelgie.be\/fr\/options-fr\/escalier-repliable\/#primaryimage"},"image":{"@id":"https:\/\/www.smartboxbelgie.be\/fr\/options-fr\/escalier-repliable\/#primaryimage"},"thumbnailUrl":"https:\/\/www.smartboxbelgie.be\/wp-content\/uploads\/2014\/12\/SmartBox-Kanteltrap.jpg","datePublished":"2014-12-29T21:29:43+00:00","dateModified":"2015-01-15T08:07:27+00:00","breadcrumb":{"@id":"https:\/\/www.smartboxbelgie.be\/fr\/options-fr\/escalier-repliable\/#breadcrumb"},"inLanguage":"fr-FR","potentialAction":[{"@type":"ReadAction","target":["https:\/\/www.smartboxbelgie.be\/fr\/options-fr\/escalier-repliable\/"]}]},{"@type":"ImageObject","inLanguage":"fr-FR","@id":"https:\/\/www.smartboxbelgie.be\/fr\/options-fr\/escalier-repliable\/#primaryimage","url":"https:\/\/www.smartboxbelgie.be\/wp-content\/uploads\/2014\/12\/SmartBox-Kanteltrap.jpg","contentUrl":"https:\/\/www.smartboxbelgie.be\/wp-content\/uploads\/2014\/12\/SmartBox-Kanteltrap.jpg","width":360,"height":360},{"@type":"BreadcrumbList","@id":"https:\/\/www.smartboxbelgie.be\/fr\/options-fr\/escalier-repliable\/#breadcrumb","itemListElement":[{"@type":"ListItem","position":1,"name":"Home","item":"https:\/\/www.smartboxbelgie.be\/fr\/"},{"@type":"ListItem","position":2,"name":"Options","item":"https:\/\/www.smartboxbelgie.be\/fr\/options-fr\/"},{"@type":"ListItem","position":3,"name":"Escalier 2 marches repliable"}]},{"@type":"WebSite","@id":"https:\/\/www.smartboxbelgie.be\/#website","url":"https:\/\/www.smartboxbelgie.be\/","name":"Smartbox","description":"D&eacute; lichtste laadbak van Europa","potentialAction":[{"@type":"SearchAction","target":{"@type":"EntryPoint","urlTemplate":"https:\/\/www.smartboxbelgie.be\/?s={search_term_string}"},"query-input":{"@type":"PropertyValueSpecification","valueRequired":true,"valueName":"search_term_string"}}],"inLanguage":"fr-FR"}]}},"_links":{"self":[{"href":"https:\/\/www.smartboxbelgie.be\/fr\/wp-json\/wp\/v2\/pages\/1270","targetHints":{"allow":["GET"]}}],"collection":[{"href":"https:\/\/www.smartboxbelgie.be\/fr\/wp-json\/wp\/v2\/pages"}],"about":[{"href":"https:\/\/www.smartboxbelgie.be\/fr\/wp-json\/wp\/v2\/types\/page"}],"author":[{"embeddable":true,"href":"https:\/\/www.smartboxbelgie.be\/fr\/wp-json\/wp\/v2\/users\/11"}],"replies":[{"embeddable":true,"href":"https:\/\/www.smartboxbelgie.be\/fr\/wp-json\/wp\/v2\/comments?post=1270"}],"version-history":[{"count":3,"href":"https:\/\/www.smartboxbelgie.be\/fr\/wp-json\/wp\/v2\/pages\/1270\/revisions"}],"predecessor-version":[{"id":1580,"href":"https:\/\/www.smartboxbelgie.be\/fr\/wp-json\/wp\/v2\/pages\/1270\/revisions\/1580"}],"up":[{"embeddable":true,"href":"https:\/\/www.smartboxbelgie.be\/fr\/wp-json\/wp\/v2\/pages\/1278"}],"wp:featuredmedia":[{"embeddable":true,"href":"https:\/\/www.smartboxbelgie.be\/fr\/wp-json\/wp\/v2\/media\/946"}],"wp:attachment":[{"href":"https:\/\/www.smartboxbelgie.be\/fr\/wp-json\/wp\/v2\/media?parent=1270"}],"curies":[{"name":"wp","href":"https:\/\/api.w.org\/{rel}","templated":true}]}}