{"id":1268,"date":"2014-12-29T22:28:06","date_gmt":"2014-12-29T21:28:06","guid":{"rendered":"https:\/\/www.smartboxbelgie.be\/?page_id=1268"},"modified":"2015-01-15T10:08:50","modified_gmt":"2015-01-15T09:08:50","slug":"capucine-polyester","status":"publish","type":"page","link":"https:\/\/www.smartboxbelgie.be\/fr\/options-fr\/capucine-polyester\/","title":{"rendered":"Capucine en polyester"},"content":{"rendered":"<p>Ce top-box en polyester est int\u00e9gr\u00e9 dans la paroi avant et remplace le d\u00e9flecteur. Votre consommation s\u2019en trouve ainsi \u00e9galement r\u00e9duite. Cet espace de chargement suppl\u00e9mentaire dans la caisse est pratique pour ranger du mat\u00e9riel l\u00e9ger comme des bo\u00eetes en carton, des couvertures et du mat\u00e9riel pour l\u2019arrimage du chargement.<\/p>\n","protected":false},"excerpt":{"rendered":"<p>Ce top-box en polyester est int\u00e9gr\u00e9 dans la paroi avant et remplace le d\u00e9flecteur. Votre consommation s\u2019en trouve ainsi \u00e9galement r\u00e9duite. Cet espace de chargement suppl\u00e9mentaire dans la caisse est pratique pour ranger du mat\u00e9riel l\u00e9ger comme des bo\u00eetes en carton, des couvertures et du mat\u00e9riel pour l\u2019arrimage du chargement.<\/p>\n","protected":false},"author":11,"featured_media":950,"parent":1278,"menu_order":130,"comment_status":"closed","ping_status":"closed","template":"tpl_optie.php","meta":{"footnotes":""},"class_list":["post-1268","page","type-page","status-publish","has-post-thumbnail","hentry"],"yoast_head":"<!-- This site is optimized with the Yoast SEO plugin v26.6 - https:\/\/yoast.com\/wordpress\/plugins\/seo\/ -->\n<title>Capucine en polyester - Smartbox<\/title>\n<meta name=\"robots\" content=\"index, follow, max-snippet:-1, max-image-preview:large, max-video-preview:-1\" \/>\n<link rel=\"canonical\" href=\"https:\/\/www.smartboxbelgie.be\/fr\/options-fr\/capucine-polyester\/\" \/>\n<meta property=\"og:locale\" content=\"fr_FR\" \/>\n<meta property=\"og:type\" content=\"article\" \/>\n<meta property=\"og:title\" content=\"Capucine en polyester - Smartbox\" \/>\n<meta property=\"og:description\" content=\"Ce top-box en polyester est int\u00e9gr\u00e9 dans la paroi avant et remplace le d\u00e9flecteur. Votre consommation s\u2019en trouve ainsi \u00e9galement r\u00e9duite. Cet espace de chargement suppl\u00e9mentaire dans la caisse est pratique pour ranger du mat\u00e9riel l\u00e9ger comme des bo\u00eetes en carton, des couvertures et du mat\u00e9riel pour l\u2019arrimage du chargement.\" \/>\n<meta property=\"og:url\" content=\"https:\/\/www.smartboxbelgie.be\/fr\/options-fr\/capucine-polyester\/\" \/>\n<meta property=\"og:site_name\" content=\"Smartbox\" \/>\n<meta property=\"article:modified_time\" content=\"2015-01-15T09:08:50+00:00\" \/>\n<meta property=\"og:image\" content=\"https:\/\/www.smartboxbelgie.be\/wp-content\/uploads\/2014\/12\/smartbox-capucine-polyester.jpg\" \/>\n\t<meta property=\"og:image:width\" content=\"168\" \/>\n\t<meta property=\"og:image:height\" content=\"168\" \/>\n\t<meta property=\"og:image:type\" content=\"image\/jpeg\" \/>\n<script type=\"application\/ld+json\" class=\"yoast-schema-graph\">{\"@context\":\"https:\/\/schema.org\",\"@graph\":[{\"@type\":\"WebPage\",\"@id\":\"https:\/\/www.smartboxbelgie.be\/fr\/options-fr\/capucine-polyester\/\",\"url\":\"https:\/\/www.smartboxbelgie.be\/fr\/options-fr\/capucine-polyester\/\",\"name\":\"Capucine en polyester - Smartbox\",\"isPartOf\":{\"@id\":\"https:\/\/www.smartboxbelgie.be\/#website\"},\"primaryImageOfPage\":{\"@id\":\"https:\/\/www.smartboxbelgie.be\/fr\/options-fr\/capucine-polyester\/#primaryimage\"},\"image\":{\"@id\":\"https:\/\/www.smartboxbelgie.be\/fr\/options-fr\/capucine-polyester\/#primaryimage\"},\"thumbnailUrl\":\"https:\/\/www.smartboxbelgie.be\/wp-content\/uploads\/2014\/12\/smartbox-capucine-polyester.jpg\",\"datePublished\":\"2014-12-29T21:28:06+00:00\",\"dateModified\":\"2015-01-15T09:08:50+00:00\",\"breadcrumb\":{\"@id\":\"https:\/\/www.smartboxbelgie.be\/fr\/options-fr\/capucine-polyester\/#breadcrumb\"},\"inLanguage\":\"fr-FR\",\"potentialAction\":[{\"@type\":\"ReadAction\",\"target\":[\"https:\/\/www.smartboxbelgie.be\/fr\/options-fr\/capucine-polyester\/\"]}]},{\"@type\":\"ImageObject\",\"inLanguage\":\"fr-FR\",\"@id\":\"https:\/\/www.smartboxbelgie.be\/fr\/options-fr\/capucine-polyester\/#primaryimage\",\"url\":\"https:\/\/www.smartboxbelgie.be\/wp-content\/uploads\/2014\/12\/smartbox-capucine-polyester.jpg\",\"contentUrl\":\"https:\/\/www.smartboxbelgie.be\/wp-content\/uploads\/2014\/12\/smartbox-capucine-polyester.jpg\",\"width\":168,\"height\":168},{\"@type\":\"BreadcrumbList\",\"@id\":\"https:\/\/www.smartboxbelgie.be\/fr\/options-fr\/capucine-polyester\/#breadcrumb\",\"itemListElement\":[{\"@type\":\"ListItem\",\"position\":1,\"name\":\"Home\",\"item\":\"https:\/\/www.smartboxbelgie.be\/fr\/\"},{\"@type\":\"ListItem\",\"position\":2,\"name\":\"Options\",\"item\":\"https:\/\/www.smartboxbelgie.be\/fr\/options-fr\/\"},{\"@type\":\"ListItem\",\"position\":3,\"name\":\"Capucine en polyester\"}]},{\"@type\":\"WebSite\",\"@id\":\"https:\/\/www.smartboxbelgie.be\/#website\",\"url\":\"https:\/\/www.smartboxbelgie.be\/\",\"name\":\"Smartbox\",\"description\":\"D&eacute; lichtste laadbak van Europa\",\"potentialAction\":[{\"@type\":\"SearchAction\",\"target\":{\"@type\":\"EntryPoint\",\"urlTemplate\":\"https:\/\/www.smartboxbelgie.be\/?s={search_term_string}\"},\"query-input\":{\"@type\":\"PropertyValueSpecification\",\"valueRequired\":true,\"valueName\":\"search_term_string\"}}],\"inLanguage\":\"fr-FR\"}]}<\/script>\n<!-- \/ Yoast SEO plugin. -->","yoast_head_json":{"title":"Capucine en polyester - Smartbox","robots":{"index":"index","follow":"follow","max-snippet":"max-snippet:-1","max-image-preview":"max-image-preview:large","max-video-preview":"max-video-preview:-1"},"canonical":"https:\/\/www.smartboxbelgie.be\/fr\/options-fr\/capucine-polyester\/","og_locale":"fr_FR","og_type":"article","og_title":"Capucine en polyester - Smartbox","og_description":"Ce top-box en polyester est int\u00e9gr\u00e9 dans la paroi avant et remplace le d\u00e9flecteur. Votre consommation s\u2019en trouve ainsi \u00e9galement r\u00e9duite. Cet espace de chargement suppl\u00e9mentaire dans la caisse est pratique pour ranger du mat\u00e9riel l\u00e9ger comme des bo\u00eetes en carton, des couvertures et du mat\u00e9riel pour l\u2019arrimage du chargement.","og_url":"https:\/\/www.smartboxbelgie.be\/fr\/options-fr\/capucine-polyester\/","og_site_name":"Smartbox","article_modified_time":"2015-01-15T09:08:50+00:00","og_image":[{"width":168,"height":168,"url":"https:\/\/www.smartboxbelgie.be\/wp-content\/uploads\/2014\/12\/smartbox-capucine-polyester.jpg","type":"image\/jpeg"}],"schema":{"@context":"https:\/\/schema.org","@graph":[{"@type":"WebPage","@id":"https:\/\/www.smartboxbelgie.be\/fr\/options-fr\/capucine-polyester\/","url":"https:\/\/www.smartboxbelgie.be\/fr\/options-fr\/capucine-polyester\/","name":"Capucine en polyester - Smartbox","isPartOf":{"@id":"https:\/\/www.smartboxbelgie.be\/#website"},"primaryImageOfPage":{"@id":"https:\/\/www.smartboxbelgie.be\/fr\/options-fr\/capucine-polyester\/#primaryimage"},"image":{"@id":"https:\/\/www.smartboxbelgie.be\/fr\/options-fr\/capucine-polyester\/#primaryimage"},"thumbnailUrl":"https:\/\/www.smartboxbelgie.be\/wp-content\/uploads\/2014\/12\/smartbox-capucine-polyester.jpg","datePublished":"2014-12-29T21:28:06+00:00","dateModified":"2015-01-15T09:08:50+00:00","breadcrumb":{"@id":"https:\/\/www.smartboxbelgie.be\/fr\/options-fr\/capucine-polyester\/#breadcrumb"},"inLanguage":"fr-FR","potentialAction":[{"@type":"ReadAction","target":["https:\/\/www.smartboxbelgie.be\/fr\/options-fr\/capucine-polyester\/"]}]},{"@type":"ImageObject","inLanguage":"fr-FR","@id":"https:\/\/www.smartboxbelgie.be\/fr\/options-fr\/capucine-polyester\/#primaryimage","url":"https:\/\/www.smartboxbelgie.be\/wp-content\/uploads\/2014\/12\/smartbox-capucine-polyester.jpg","contentUrl":"https:\/\/www.smartboxbelgie.be\/wp-content\/uploads\/2014\/12\/smartbox-capucine-polyester.jpg","width":168,"height":168},{"@type":"BreadcrumbList","@id":"https:\/\/www.smartboxbelgie.be\/fr\/options-fr\/capucine-polyester\/#breadcrumb","itemListElement":[{"@type":"ListItem","position":1,"name":"Home","item":"https:\/\/www.smartboxbelgie.be\/fr\/"},{"@type":"ListItem","position":2,"name":"Options","item":"https:\/\/www.smartboxbelgie.be\/fr\/options-fr\/"},{"@type":"ListItem","position":3,"name":"Capucine en polyester"}]},{"@type":"WebSite","@id":"https:\/\/www.smartboxbelgie.be\/#website","url":"https:\/\/www.smartboxbelgie.be\/","name":"Smartbox","description":"D&eacute; lichtste laadbak van Europa","potentialAction":[{"@type":"SearchAction","target":{"@type":"EntryPoint","urlTemplate":"https:\/\/www.smartboxbelgie.be\/?s={search_term_string}"},"query-input":{"@type":"PropertyValueSpecification","valueRequired":true,"valueName":"search_term_string"}}],"inLanguage":"fr-FR"}]}},"_links":{"self":[{"href":"https:\/\/www.smartboxbelgie.be\/fr\/wp-json\/wp\/v2\/pages\/1268","targetHints":{"allow":["GET"]}}],"collection":[{"href":"https:\/\/www.smartboxbelgie.be\/fr\/wp-json\/wp\/v2\/pages"}],"about":[{"href":"https:\/\/www.smartboxbelgie.be\/fr\/wp-json\/wp\/v2\/types\/page"}],"author":[{"embeddable":true,"href":"https:\/\/www.smartboxbelgie.be\/fr\/wp-json\/wp\/v2\/users\/11"}],"replies":[{"embeddable":true,"href":"https:\/\/www.smartboxbelgie.be\/fr\/wp-json\/wp\/v2\/comments?post=1268"}],"version-history":[{"count":4,"href":"https:\/\/www.smartboxbelgie.be\/fr\/wp-json\/wp\/v2\/pages\/1268\/revisions"}],"predecessor-version":[{"id":1603,"href":"https:\/\/www.smartboxbelgie.be\/fr\/wp-json\/wp\/v2\/pages\/1268\/revisions\/1603"}],"up":[{"embeddable":true,"href":"https:\/\/www.smartboxbelgie.be\/fr\/wp-json\/wp\/v2\/pages\/1278"}],"wp:featuredmedia":[{"embeddable":true,"href":"https:\/\/www.smartboxbelgie.be\/fr\/wp-json\/wp\/v2\/media\/950"}],"wp:attachment":[{"href":"https:\/\/www.smartboxbelgie.be\/fr\/wp-json\/wp\/v2\/media?parent=1268"}],"curies":[{"name":"wp","href":"https:\/\/api.w.org\/{rel}","templated":true}]}}