{"id":1144,"date":"2014-12-23T16:10:56","date_gmt":"2014-12-23T15:10:56","guid":{"rendered":"https:\/\/www.smartboxbelgie.be\/?page_id=1144"},"modified":"2017-09-01T16:22:59","modified_gmt":"2017-09-01T15:22:59","slug":"home-fr","status":"publish","type":"page","link":"https:\/\/www.smartboxbelgie.be\/fr\/","title":{"rendered":"Home fr"},"content":{"rendered":"<p>La Smart-Box est une caisse universelle qui peut \u00eatre pos\u00e9e sur tout ch\u00e2ssis-cabine. Pour son d\u00e9veloppement, nous avons s\u00e9lectionn\u00e9 chaque \u00e9l\u00e9ment en fonction de sa solidit\u00e9 et de son poids. Cette caisse est ainsi compos\u00e9e uniquement des mat\u00e9riaux les plus l\u00e9gers de haute qualit\u00e9. Vous b\u00e9n\u00e9ficiez en outre de 2 ans de garantie.<\/p>\n<h2>Smart-Box pour:<\/h2>\n<p style=\"text-align: left;\"><a title=\"Mercedes sprinter met laadbak\"><img loading=\"lazy\" decoding=\"async\" class=\"alignleft size-full wp-image-214\" src=\"https:\/\/www.smartboxbelgie.be\/wp-content\/uploads\/2014\/04\/logo-mercedes.png\" alt=\"logo-mercedes\" width=\"142\" height=\"88\" \/><\/a> <a title=\"Renault Master &amp; Maxity met laadbak\"><img loading=\"lazy\" decoding=\"async\" class=\"alignleft size-full wp-image-216\" src=\"https:\/\/www.smartboxbelgie.be\/wp-content\/uploads\/2017\/01\/Renault-Rand-Final1.jpg\" alt=\"logo-renault\" width=\"142\" height=\"88\" \/><\/a><a title=\"Volkswagen Crafter met laadbak\"><img loading=\"lazy\" decoding=\"async\" class=\"alignleft size-full wp-image-218\" src=\"https:\/\/www.smartboxbelgie.be\/wp-content\/uploads\/2014\/04\/logo-volkswagen.png\" alt=\"logo-volkswagen\" width=\"142\" height=\"88\" \/><\/a><a title=\"Citro\u00ebn Jumper met laadbak\"><img loading=\"lazy\" decoding=\"async\" class=\"alignleft wp-image-221\" src=\"https:\/\/www.smartboxbelgie.be\/wp-content\/uploads\/2014\/04\/logo-citroen.png\" alt=\"logo-citroen\" width=\"142\" height=\"88\" \/><\/a> <a title=\"Fiat Ducato met laadbak\"><img loading=\"lazy\" decoding=\"async\" class=\"alignleft size-full wp-image-223\" src=\"https:\/\/www.smartboxbelgie.be\/wp-content\/uploads\/2014\/04\/logo-fiat.png\" alt=\"logo-fiat\" width=\"142\" height=\"88\" \/><\/a> <a title=\"Iveco Daily met laadbak\"><img loading=\"lazy\" decoding=\"async\" class=\"alignleft size-full wp-image-225\" src=\"https:\/\/www.smartboxbelgie.be\/wp-content\/uploads\/2014\/04\/logo-iveco.png\" alt=\"logo-iveco\" width=\"142\" height=\"88\" \/><\/a> <a title=\"Nissan NV400 &amp; Cabstar\"><img loading=\"lazy\" decoding=\"async\" class=\"alignleft size-full wp-image-227\" src=\"https:\/\/www.smartboxbelgie.be\/wp-content\/uploads\/2014\/04\/logo-nissan.png\" alt=\"logo-nissan\" width=\"142\" height=\"88\" \/><\/a> <a title=\"Opel Movano met laadbak\"><img loading=\"lazy\" decoding=\"async\" class=\"alignleft size-full wp-image-229\" src=\"https:\/\/www.smartboxbelgie.be\/wp-content\/uploads\/2014\/04\/logo-opel.png\" alt=\"logo-opel\" width=\"142\" height=\"88\" \/><\/a> <a title=\"Peugeot Boxer met laadbak\"><img loading=\"lazy\" decoding=\"async\" class=\"alignleft size-full wp-image-231\" src=\"https:\/\/www.smartboxbelgie.be\/wp-content\/uploads\/2014\/04\/logo-peugeot.png\" alt=\"logo-peugeot\" width=\"142\" height=\"88\" \/><\/a> <a title=\"Isuzu N-serie met laadbak\"><img loading=\"lazy\" decoding=\"async\" class=\"alignleft size-full wp-image-249\" src=\"https:\/\/www.smartboxbelgie.be\/wp-content\/uploads\/2014\/04\/smartbox-isuzu.jpg\" alt=\"Isuzu\" width=\"142\" height=\"88\" \/><\/a> <a title=\"Ford Transit met laadbak\"><img loading=\"lazy\" decoding=\"async\" class=\"alignleft size-full wp-image-247\" src=\"https:\/\/www.smartboxbelgie.be\/wp-content\/uploads\/2014\/04\/smartbox-ford.jpg\" alt=\"Ford\" width=\"142\" height=\"88\" \/><\/a><\/p>\n","protected":false},"excerpt":{"rendered":"<p>La Smart-Box est une caisse universelle qui peut \u00eatre pos\u00e9e sur tout ch\u00e2ssis-cabine. Pour son d\u00e9veloppement, nous avons s\u00e9lectionn\u00e9 chaque \u00e9l\u00e9ment en fonction de sa solidit\u00e9 et de son poids. Cette caisse est ainsi compos\u00e9e uniquement des mat\u00e9riaux les plus l\u00e9gers de haute qualit\u00e9. Vous b\u00e9n\u00e9ficiez en outre de 2 ans de garantie. Smart-Box pour:<\/p>\n","protected":false},"author":1,"featured_media":0,"parent":0,"menu_order":0,"comment_status":"open","ping_status":"closed","template":"tpl_home.php","meta":{"footnotes":""},"class_list":["post-1144","page","type-page","status-publish","hentry"],"yoast_head":"<!-- This site is optimized with the Yoast SEO plugin v26.6 - https:\/\/yoast.com\/wordpress\/plugins\/seo\/ -->\n<title>Home fr - Smartbox<\/title>\n<meta name=\"robots\" content=\"index, follow, max-snippet:-1, max-image-preview:large, max-video-preview:-1\" \/>\n<link rel=\"canonical\" href=\"https:\/\/www.smartboxbelgie.be\/fr\/\" \/>\n<meta property=\"og:locale\" content=\"fr_FR\" \/>\n<meta property=\"og:type\" content=\"article\" \/>\n<meta property=\"og:title\" content=\"Home fr - Smartbox\" \/>\n<meta property=\"og:description\" content=\"La Smart-Box est une caisse universelle qui peut \u00eatre pos\u00e9e sur tout ch\u00e2ssis-cabine. Pour son d\u00e9veloppement, nous avons s\u00e9lectionn\u00e9 chaque \u00e9l\u00e9ment en fonction de sa solidit\u00e9 et de son poids. Cette caisse est ainsi compos\u00e9e uniquement des mat\u00e9riaux les plus l\u00e9gers de haute qualit\u00e9. Vous b\u00e9n\u00e9ficiez en outre de 2 ans de garantie. Smart-Box pour:\" \/>\n<meta property=\"og:url\" content=\"https:\/\/www.smartboxbelgie.be\/fr\/\" \/>\n<meta property=\"og:site_name\" content=\"Smartbox\" \/>\n<meta property=\"article:modified_time\" content=\"2017-09-01T15:22:59+00:00\" \/>\n<meta property=\"og:image\" content=\"https:\/\/www.smartboxbelgie.be\/wp-content\/uploads\/2014\/04\/logo-mercedes.png\" \/>\n<script type=\"application\/ld+json\" class=\"yoast-schema-graph\">{\"@context\":\"https:\/\/schema.org\",\"@graph\":[{\"@type\":\"WebPage\",\"@id\":\"https:\/\/www.smartboxbelgie.be\/fr\/\",\"url\":\"https:\/\/www.smartboxbelgie.be\/fr\/\",\"name\":\"Home fr - Smartbox\",\"isPartOf\":{\"@id\":\"https:\/\/www.smartboxbelgie.be\/#website\"},\"primaryImageOfPage\":{\"@id\":\"https:\/\/www.smartboxbelgie.be\/fr\/#primaryimage\"},\"image\":{\"@id\":\"https:\/\/www.smartboxbelgie.be\/fr\/#primaryimage\"},\"thumbnailUrl\":\"https:\/\/www.smartboxbelgie.be\/wp-content\/uploads\/2014\/04\/logo-mercedes.png\",\"datePublished\":\"2014-12-23T15:10:56+00:00\",\"dateModified\":\"2017-09-01T15:22:59+00:00\",\"breadcrumb\":{\"@id\":\"https:\/\/www.smartboxbelgie.be\/fr\/#breadcrumb\"},\"inLanguage\":\"fr-FR\",\"potentialAction\":[{\"@type\":\"ReadAction\",\"target\":[\"https:\/\/www.smartboxbelgie.be\/fr\/\"]}]},{\"@type\":\"ImageObject\",\"inLanguage\":\"fr-FR\",\"@id\":\"https:\/\/www.smartboxbelgie.be\/fr\/#primaryimage\",\"url\":\"https:\/\/www.smartboxbelgie.be\/wp-content\/uploads\/2014\/04\/logo-mercedes.png\",\"contentUrl\":\"https:\/\/www.smartboxbelgie.be\/wp-content\/uploads\/2014\/04\/logo-mercedes.png\"},{\"@type\":\"BreadcrumbList\",\"@id\":\"https:\/\/www.smartboxbelgie.be\/fr\/#breadcrumb\",\"itemListElement\":[{\"@type\":\"ListItem\",\"position\":1,\"name\":\"Home\",\"item\":\"https:\/\/www.smartboxbelgie.be\/fr\/\"},{\"@type\":\"ListItem\",\"position\":2,\"name\":\"Home fr\"}]},{\"@type\":\"WebSite\",\"@id\":\"https:\/\/www.smartboxbelgie.be\/#website\",\"url\":\"https:\/\/www.smartboxbelgie.be\/\",\"name\":\"Smartbox\",\"description\":\"D&eacute; lichtste laadbak van Europa\",\"potentialAction\":[{\"@type\":\"SearchAction\",\"target\":{\"@type\":\"EntryPoint\",\"urlTemplate\":\"https:\/\/www.smartboxbelgie.be\/?s={search_term_string}\"},\"query-input\":{\"@type\":\"PropertyValueSpecification\",\"valueRequired\":true,\"valueName\":\"search_term_string\"}}],\"inLanguage\":\"fr-FR\"}]}<\/script>\n<!-- \/ Yoast SEO plugin. -->","yoast_head_json":{"title":"Home fr - Smartbox","robots":{"index":"index","follow":"follow","max-snippet":"max-snippet:-1","max-image-preview":"max-image-preview:large","max-video-preview":"max-video-preview:-1"},"canonical":"https:\/\/www.smartboxbelgie.be\/fr\/","og_locale":"fr_FR","og_type":"article","og_title":"Home fr - Smartbox","og_description":"La Smart-Box est une caisse universelle qui peut \u00eatre pos\u00e9e sur tout ch\u00e2ssis-cabine. Pour son d\u00e9veloppement, nous avons s\u00e9lectionn\u00e9 chaque \u00e9l\u00e9ment en fonction de sa solidit\u00e9 et de son poids. Cette caisse est ainsi compos\u00e9e uniquement des mat\u00e9riaux les plus l\u00e9gers de haute qualit\u00e9. Vous b\u00e9n\u00e9ficiez en outre de 2 ans de garantie. Smart-Box pour:","og_url":"https:\/\/www.smartboxbelgie.be\/fr\/","og_site_name":"Smartbox","article_modified_time":"2017-09-01T15:22:59+00:00","og_image":[{"url":"https:\/\/www.smartboxbelgie.be\/wp-content\/uploads\/2014\/04\/logo-mercedes.png","type":"","width":"","height":""}],"schema":{"@context":"https:\/\/schema.org","@graph":[{"@type":"WebPage","@id":"https:\/\/www.smartboxbelgie.be\/fr\/","url":"https:\/\/www.smartboxbelgie.be\/fr\/","name":"Home fr - Smartbox","isPartOf":{"@id":"https:\/\/www.smartboxbelgie.be\/#website"},"primaryImageOfPage":{"@id":"https:\/\/www.smartboxbelgie.be\/fr\/#primaryimage"},"image":{"@id":"https:\/\/www.smartboxbelgie.be\/fr\/#primaryimage"},"thumbnailUrl":"https:\/\/www.smartboxbelgie.be\/wp-content\/uploads\/2014\/04\/logo-mercedes.png","datePublished":"2014-12-23T15:10:56+00:00","dateModified":"2017-09-01T15:22:59+00:00","breadcrumb":{"@id":"https:\/\/www.smartboxbelgie.be\/fr\/#breadcrumb"},"inLanguage":"fr-FR","potentialAction":[{"@type":"ReadAction","target":["https:\/\/www.smartboxbelgie.be\/fr\/"]}]},{"@type":"ImageObject","inLanguage":"fr-FR","@id":"https:\/\/www.smartboxbelgie.be\/fr\/#primaryimage","url":"https:\/\/www.smartboxbelgie.be\/wp-content\/uploads\/2014\/04\/logo-mercedes.png","contentUrl":"https:\/\/www.smartboxbelgie.be\/wp-content\/uploads\/2014\/04\/logo-mercedes.png"},{"@type":"BreadcrumbList","@id":"https:\/\/www.smartboxbelgie.be\/fr\/#breadcrumb","itemListElement":[{"@type":"ListItem","position":1,"name":"Home","item":"https:\/\/www.smartboxbelgie.be\/fr\/"},{"@type":"ListItem","position":2,"name":"Home fr"}]},{"@type":"WebSite","@id":"https:\/\/www.smartboxbelgie.be\/#website","url":"https:\/\/www.smartboxbelgie.be\/","name":"Smartbox","description":"D&eacute; lichtste laadbak van Europa","potentialAction":[{"@type":"SearchAction","target":{"@type":"EntryPoint","urlTemplate":"https:\/\/www.smartboxbelgie.be\/?s={search_term_string}"},"query-input":{"@type":"PropertyValueSpecification","valueRequired":true,"valueName":"search_term_string"}}],"inLanguage":"fr-FR"}]}},"_links":{"self":[{"href":"https:\/\/www.smartboxbelgie.be\/fr\/wp-json\/wp\/v2\/pages\/1144","targetHints":{"allow":["GET"]}}],"collection":[{"href":"https:\/\/www.smartboxbelgie.be\/fr\/wp-json\/wp\/v2\/pages"}],"about":[{"href":"https:\/\/www.smartboxbelgie.be\/fr\/wp-json\/wp\/v2\/types\/page"}],"author":[{"embeddable":true,"href":"https:\/\/www.smartboxbelgie.be\/fr\/wp-json\/wp\/v2\/users\/1"}],"replies":[{"embeddable":true,"href":"https:\/\/www.smartboxbelgie.be\/fr\/wp-json\/wp\/v2\/comments?post=1144"}],"version-history":[{"count":10,"href":"https:\/\/www.smartboxbelgie.be\/fr\/wp-json\/wp\/v2\/pages\/1144\/revisions"}],"predecessor-version":[{"id":2111,"href":"https:\/\/www.smartboxbelgie.be\/fr\/wp-json\/wp\/v2\/pages\/1144\/revisions\/2111"}],"wp:attachment":[{"href":"https:\/\/www.smartboxbelgie.be\/fr\/wp-json\/wp\/v2\/media?parent=1144"}],"curies":[{"name":"wp","href":"https:\/\/api.w.org\/{rel}","templated":true}]}}